{"id":3486,"date":"2017-09-25T10:37:32","date_gmt":"2017-09-25T08:37:32","guid":{"rendered":"http:\/\/www.modalis.com\/?page_id=3486\/"},"modified":"2017-09-25T10:54:43","modified_gmt":"2017-09-25T08:54:43","slug":"trockene-schuettgueter","status":"publish","type":"page","link":"https:\/\/www.modalis.com\/de\/trockene-schuettgueter\/","title":{"rendered":"TROCKENE SCH\u00dcTTG\u00dcTER"},"content":{"rendered":"<p>[vc_row css=&#8220;.vc_custom_1501051593850{margin-top: 50px !important;}&#8220;][vc_column][vc_column_text css=&#8220;.vc_custom_1506328560437{margin-top: 0px !important;}&#8220;]<\/p>\n<h1 style=\"text-align: center;\"><span style=\"color: #231f59;\">UNSERE CONTAINER F\u00dcR TROCKENE SCH\u00dcTTG\u00dcTER\u00a0<\/span><\/h1>\n<p>[\/vc_column_text][\/vc_column][\/vc_row][vc_row][vc_column][vc_column_text]Wechselbeh\u00e4lter und Container aus Aluminium oder Stahl f\u00fcr Sch\u00fcttgut, erh\u00e4ltlich von der 20 ft- bis zur 45 ft-Ausf\u00fchrung.<\/p>\n<p>Bestimmt f\u00fcr den Transport und\/oder die mobile Lagerung von Granulat, Pulver, Mineralien und Schlamm, eignen sie sich ebenfalls f\u00fcr den Transport von Abf\u00e4llen oder Nahrungsmitteln.<\/p>\n<p>Diese Ausr\u00fcstungen eignen sich ideal f\u00fcr die verschiedenen Be- und Entladetechniken.<\/p>\n<p>Die MODALIS-Flotte besteht aus Wechselbeh\u00e4ltern des Typs:<\/p>\n<ul>\n<li>Kipper mit abnehmbarem Dach,<\/li>\n<li>Sch\u00fcttgutcontainer aus Stahl<\/li>\n<li>Sch\u00fcttgutcontainer aus Aluminium<\/li>\n<\/ul>\n<p>Manche unserer Sch\u00fcttgutcontainer k\u00f6nnen auch f\u00fcr den Transport von palettierbaren Produkten verwendet werden, was Ihnen eine Optimierung Ihrer Transporte im R\u00fcckverkehr erm\u00f6glicht.[\/vc_column_text][\/vc_column][\/vc_row][vc_row equal_height=&#8220;yes&#8220; css=&#8220;.vc_custom_1501668778870{margin-top: 50px !important;margin-bottom: 30px !important;}&#8220;][vc_column width=&#8220;1\/2&#8243;]<h2 class=\"ozy-divider-cap-left wpb_content_element\">Sch\u00fcttgutcontainer aus Stahl oder Aluminium<\/h2><div class=\"ozy-content-divider \" style=\"border-top-style:solid;border-top-width:2px;border-top-color:#f39200;width:60px;max-width:60px;float:left;\"><\/div>[vc_column_text]Verf\u00fcgbar in den Ausf\u00fchrungen 20 ft, 30 ft, 40 ft und 45 ft.<\/p>\n<p>Konzipiert f\u00fcr den Transport von Produkten in Pulver- oder Granulatform, mit oder ohne Liner Bags. Einige der Container erm\u00f6glichen Ihnen, im R\u00fcckverkehr palettierbare G\u00fcter zu laden.<\/p>\n<p>Das Entladen der Sch\u00fcttgutcontainer erfolgt durch Schwerkraft oder \u00fcber ein Steuerventil, um das Produkt direkt in die Vorratssilos Ihrer Kunden zu blasen.[\/vc_column_text][\/vc_column][vc_column width=&#8220;1\/2&#8243;][vc_images_carousel images=&#8220;2126,2129,2173&#8243; img_size=&#8220;380&#215;320&#8243;][\/vc_column][\/vc_row][vc_row css=&#8220;.vc_custom_1499955564068{margin-bottom: 30px !important;}&#8220;][vc_column width=&#8220;1\/2&#8243;][vc_images_carousel images=&#8220;2199,2196,2193&#8243; img_size=&#8220;380&#215;320&#8243;][\/vc_column][vc_column width=&#8220;1\/2&#8243; css=&#8220;.vc_custom_1501668696759{padding-left: 20px !important;}&#8220;]<h2 class=\"ozy-divider-cap-left wpb_content_element\">Kipper-Wechselbeh\u00e4lter<\/h2><div class=\"ozy-content-divider \" style=\"border-top-style:solid;border-top-width:2px;border-top-color:#f39200;width:60px;max-width:60px;float:left;\"><\/div>[vc_column_text]Kippcontainer mit f\u00fcr die Bergbauindustrie geeigneter T\u00fcr.<\/p>\n<p>Verf\u00fcgbar in den Ausf\u00fchrungen 20 ft, 30 ft und 40 ft.<\/p>\n<p>Sonderanfertigung auf Anfrage.[\/vc_column_text][\/vc_column][\/vc_row][vc_row css=&#8220;.vc_custom_1505812302388{margin-bottom: 30px !important;}&#8220;][vc_column width=&#8220;1\/2&#8243;]<h2 class=\"ozy-divider-cap-left wpb_content_element\">Container Open Top<\/h2><div class=\"ozy-content-divider \" style=\"border-top-style:solid;border-top-width:2px;border-top-color:#f39200;width:60px;max-width:60px;float:left;\"><\/div>[vc_column_text]Container mit Schutzplane, verf\u00fcgbar in den Ausf\u00fchrungen 20 ft, 30 ft und 40 ft.<\/p>\n<p>Optionsweise: halbe H\u00f6he.<\/p>\n<p>Sonderanfertigung auf Anfrage.[\/vc_column_text][\/vc_column][vc_column width=&#8220;1\/2&#8243;][vc_images_carousel images=&#8220;2203,2206,2212,1426&#8243; img_size=&#8220;380&#215;320&#8243;][\/vc_column][\/vc_row][vc_row css=&#8220;.vc_custom_1499955564068{margin-bottom: 30px !important;}&#8220;][vc_column width=&#8220;1\/2&#8243;][vc_images_carousel images=&#8220;2217,2220,2223,2226,2229,2232,2235,2238&#8243; img_size=&#8220;380&#215;320&#8243;][\/vc_column][vc_column width=&#8220;1\/2&#8243; css=&#8220;.vc_custom_1501668685778{padding-left: 20px !important;}&#8220;]<h2 class=\"ozy-divider-cap-left wpb_content_element\">Druck-Container<\/h2><div class=\"ozy-content-divider \" style=\"border-top-style:solid;border-top-width:2px;border-top-color:#f39200;width:60px;max-width:60px;float:left;\"><\/div>[vc_column_text]Druck-Container f\u00fcr den Transport und die mobile Lagerung von trockenen Sch\u00fcttg\u00fctern in Pulver- oder Granulatform f\u00fcr die Lebensmittelindustrie, die chemische Industrie und den Transport von Mineralien.<\/p>\n<p>Wir bieten ISO-genormte Wechselbeh\u00e4lter und Container aus Aluminium, Schwarzstahl, Edelstahl und mit Beschichtung, f\u00fcr die Nahrungsmittelindustrie und den Gefahrguttransport nach ADR\/IMDG an.<\/p>\n<p>Ausr\u00fcstungen verf\u00fcgbar in den Ausf\u00fchrungen 20 ft, 30 ft und 40 ft, Sonderanfertigungen auf Anfrage.[\/vc_column_text][\/vc_column][\/vc_row][vc_row css=&#8220;.vc_custom_1506329276712{margin-top: 0px !important;margin-right: 0px !important;margin-bottom: 50px !important;margin-left: 0px !important;border-top-width: 0px !important;border-right-width: 0px !important;border-bottom-width: 0px !important;border-left-width: 0px !important;padding-top: 50px !important;padding-right: 50px !important;padding-bottom: 50px !important;padding-left: 50px !important;background-color: #f39200 !important;}&#8220; font_color=&#8220;#ffffff&#8220; el_id=&#8220;form-flotte&#8220;][vc_column]<div id=\"tile-with-icon_icon8917\" class=\"title-with-icon-wrapper clear xxlarge \" data-color=\"\"><div class=\"wpb_content_element title-with-icon clearfix \"><span  style=\"color:#ffffff !important;background-color: !important;\" class=\"oic-flaticon1-woman93 clear xxlarge \" ><\/span><h2 style=\"color:#ffffff\">HABEN SIE EINE FRAGE ?<\/h2><\/div><\/div>[vc_column_text]<span style=\"color: #ffffff;\">Sie k\u00f6nnen uns auf\u00a0<span style=\"font-size: 18pt;\">+33 4 42 65 92 36<\/span>\u00a0erreichen oder folgendes Formular einf\u00fcllen.<\/span><\/p>\n<p><span style=\"color: #ffffff;\">Wir werden Sie zo schnell wie m\u00f6glich beantworten.<\/span>[\/vc_column_text]<div role=\"form\" class=\"wpcf7\" id=\"wpcf7-f2755-o1\" lang=\"fr-FR\" dir=\"ltr\">\n<div class=\"screen-reader-response\"><p role=\"status\" aria-live=\"polite\" aria-atomic=\"true\"><\/p> <ul><\/ul><\/div>\n<form action=\"\/de\/wp-json\/wp\/v2\/pages\/3486#wpcf7-f2755-o1\" method=\"post\" class=\"wpcf7-form init\" novalidate=\"novalidate\" data-status=\"init\">\n<div style=\"display: none;\">\n<input type=\"hidden\" name=\"_wpcf7\" value=\"2755\" \/>\n<input type=\"hidden\" name=\"_wpcf7_version\" value=\"5.5.4\" \/>\n<input type=\"hidden\" name=\"_wpcf7_locale\" value=\"fr_FR\" \/>\n<input type=\"hidden\" name=\"_wpcf7_unit_tag\" value=\"wpcf7-f2755-o1\" \/>\n<input type=\"hidden\" name=\"_wpcf7_container_post\" value=\"0\" \/>\n<input type=\"hidden\" name=\"_wpcf7_posted_data_hash\" value=\"\" \/>\n<input type=\"hidden\" name=\"_wpcf7_recaptcha_response\" value=\"\" \/>\n<\/div>\n<p><label> <span class=\"wpcf7-form-control-wrap your-company\"><input type=\"text\" name=\"your-company\" value=\"\" size=\"40\" class=\"wpcf7-form-control wpcf7-text wpcf7-validates-as-required\" aria-required=\"true\" aria-invalid=\"false\" placeholder=\"Firma*\" \/><\/span> <\/label><\/p>\n<p><label> <span class=\"wpcf7-form-control-wrap your-name\"><input type=\"text\" name=\"your-name\" value=\"\" size=\"40\" class=\"wpcf7-form-control wpcf7-text wpcf7-validates-as-required\" aria-required=\"true\" aria-invalid=\"false\" placeholder=\"Name*\" \/><\/span> <\/label><\/p>\n<p><label><span class=\"wpcf7-form-control-wrap your-city\"><input type=\"text\" name=\"your-city\" value=\"\" size=\"40\" class=\"wpcf7-form-control wpcf7-text\" aria-invalid=\"false\" placeholder=\"Stadt\" \/><\/span> <\/label><\/p>\n<p><label><span class=\"wpcf7-form-control-wrap your-country\"><input type=\"text\" name=\"your-country\" value=\"\" size=\"40\" class=\"wpcf7-form-control wpcf7-text\" aria-invalid=\"false\" placeholder=\"Land\" \/><\/span> <\/label><\/p>\n<p><label><span class=\"wpcf7-form-control-wrap your-phone\"><input type=\"tel\" name=\"your-phone\" value=\"\" size=\"40\" class=\"wpcf7-form-control wpcf7-text wpcf7-tel wpcf7-validates-as-required wpcf7-validates-as-tel\" aria-required=\"true\" aria-invalid=\"false\" placeholder=\"Telefon*\" \/><\/span> <\/label><\/p>\n<p><label><span class=\"wpcf7-form-control-wrap your-email\"><input type=\"email\" name=\"your-email\" value=\"\" size=\"40\" class=\"wpcf7-form-control wpcf7-text wpcf7-email wpcf7-validates-as-required wpcf7-validates-as-email\" aria-required=\"true\" aria-invalid=\"false\" placeholder=\"E-Mail*\" \/><\/span> <\/label><\/p>\n<p><label><span class=\"wpcf7-form-control-wrap your-subject\"><input type=\"text\" name=\"your-subject\" value=\"\" size=\"40\" class=\"wpcf7-form-control wpcf7-text\" aria-invalid=\"false\" placeholder=\"Nachrichtenbetreff\" \/><\/span> <\/label><\/p>\n<p><label><span class=\"wpcf7-form-control-wrap your-message\"><textarea name=\"your-message\" cols=\"40\" rows=\"10\" class=\"wpcf7-form-control wpcf7-textarea\" aria-invalid=\"false\" placeholder=\"Nachricht\"><\/textarea><\/span> <\/label><\/p>\n<p><label><span class=\"wpcf7-form-control-wrap donnes_perso\"><span class=\"wpcf7-form-control wpcf7-checkbox wpcf7-validates-as-required\"><span class=\"wpcf7-list-item first last\"><label><input type=\"checkbox\" name=\"donnes_perso[]\" value=\"Mit dem Absenden dieses Formulars erm\u00e4chtige ich MODALIS, meine personenbezogenen Daten im Rahmen meiner Anfrage zu verarbeiten und zu speichern.\" \/><span class=\"wpcf7-list-item-label\">Mit dem Absenden dieses Formulars erm\u00e4chtige ich MODALIS, meine personenbezogenen Daten im Rahmen meiner Anfrage zu verarbeiten und zu speichern.<\/span><\/label><\/span><\/span><\/span> <\/label><\/p>\n<div id=\"cf7sr-69f1afc4a1e4a\" class=\"cf7sr-g-recaptcha\" data-sitekey=\"6Le4eI8iAAAAALR4hICMvemv875HXX1lNXOs9Hog\"><\/div><span class=\"wpcf7-form-control-wrap cf7sr-recaptcha\" data-name=\"cf7sr-recaptcha\"><input type=\"hidden\" name=\"cf7sr-recaptcha\" value=\"\" class=\"wpcf7-form-control\"><\/span><\/p>\n<p><input type=\"submit\" value=\"Nachricht abschicken\" class=\"wpcf7-form-control has-spinner wpcf7-submit\" \/><\/p>\n<div class=\"wpcf7-response-output\" aria-hidden=\"true\"><\/div><\/form><\/div>[\/vc_column][\/vc_row]<\/p>\n","protected":false},"excerpt":{"rendered":"<p>[vc_row css=&#8220;.vc_custom_1501051593850{margin-top: 50px !important;}&#8220;][vc_column][vc_column_text css=&#8220;.vc_custom_1506328560437{margin-top: 0px !important;}&#8220;] UNSERE CONTAINER F\u00dcR TROCKENE SCH\u00dcTTG\u00dcTER\u00a0 [\/vc_column_text][\/vc_column][\/vc_row][vc_row][vc_column][vc_column_text]Wechselbeh\u00e4lter und Container aus Aluminium oder Stahl f\u00fcr Sch\u00fcttgut, erh\u00e4ltlich von der 20 ft- bis zur 45 ft-Ausf\u00fchrung. [&hellip;]<\/p>\n","protected":false},"author":1,"featured_media":0,"parent":0,"menu_order":0,"comment_status":"closed","ping_status":"closed","template":"","meta":[],"yoast_head":"<!-- This site is optimized with the Yoast SEO plugin v18.0 - https:\/\/yoast.com\/wordpress\/plugins\/seo\/ -->\n<title>TROCKENE SCH\u00dcTTG\u00dcTER - MODALIS location mat\u00e9riel transport combin\u00e9<\/title>\n<meta name=\"robots\" content=\"index, follow, max-snippet:-1, max-image-preview:large, max-video-preview:-1\" \/>\n<link rel=\"canonical\" href=\"https:\/\/www.modalis.com\/de\/trockene-schuettgueter\/\" \/>\n<meta property=\"og:locale\" content=\"de_DE\" \/>\n<meta property=\"og:type\" content=\"article\" \/>\n<meta property=\"og:title\" content=\"TROCKENE SCH\u00dcTTG\u00dcTER - MODALIS location mat\u00e9riel transport combin\u00e9\" \/>\n<meta property=\"og:description\" content=\"[vc_row css=&#8220;.vc_custom_1501051593850{margin-top: 50px !important;}&#8220;][vc_column][vc_column_text css=&#8220;.vc_custom_1506328560437{margin-top: 0px !important;}&#8220;] UNSERE CONTAINER F\u00dcR TROCKENE SCH\u00dcTTG\u00dcTER\u00a0 [\/vc_column_text][\/vc_column][\/vc_row][vc_row][vc_column][vc_column_text]Wechselbeh\u00e4lter und Container aus Aluminium oder Stahl f\u00fcr Sch\u00fcttgut, erh\u00e4ltlich von der 20 ft- bis zur 45 ft-Ausf\u00fchrung. [&hellip;]\" \/>\n<meta property=\"og:url\" content=\"https:\/\/www.modalis.com\/de\/trockene-schuettgueter\/\" \/>\n<meta property=\"og:site_name\" content=\"MODALIS location mat\u00e9riel transport combin\u00e9\" \/>\n<meta property=\"article:modified_time\" content=\"2017-09-25T08:54:43+00:00\" \/>\n<meta name=\"twitter:card\" content=\"summary\" \/>\n<meta name=\"twitter:label1\" content=\"Gesch\u00e4tzte Lesezeit\" \/>\n\t<meta name=\"twitter:data1\" content=\"4\u00a0Minuten\" \/>\n<script type=\"application\/ld+json\" class=\"yoast-schema-graph\">{\"@context\":\"https:\/\/schema.org\",\"@graph\":[{\"@type\":\"WebSite\",\"@id\":\"https:\/\/www.modalis.com\/en\/#website\",\"url\":\"https:\/\/www.modalis.com\/en\/\",\"name\":\"MODALIS location mat\u00e9riel transport combin\u00e9\",\"description\":\"Modalis, intermodal equipment rental\",\"potentialAction\":[{\"@type\":\"SearchAction\",\"target\":{\"@type\":\"EntryPoint\",\"urlTemplate\":\"https:\/\/www.modalis.com\/en\/?s={search_term_string}\"},\"query-input\":\"required name=search_term_string\"}],\"inLanguage\":\"de\"},{\"@type\":\"WebPage\",\"@id\":\"https:\/\/www.modalis.com\/de\/trockene-schuettgueter\/#webpage\",\"url\":\"https:\/\/www.modalis.com\/de\/trockene-schuettgueter\/\",\"name\":\"TROCKENE SCH\u00dcTTG\u00dcTER - MODALIS location mat\u00e9riel transport combin\u00e9\",\"isPartOf\":{\"@id\":\"https:\/\/www.modalis.com\/en\/#website\"},\"datePublished\":\"2017-09-25T08:37:32+00:00\",\"dateModified\":\"2017-09-25T08:54:43+00:00\",\"breadcrumb\":{\"@id\":\"https:\/\/www.modalis.com\/de\/trockene-schuettgueter\/#breadcrumb\"},\"inLanguage\":\"de\",\"potentialAction\":[{\"@type\":\"ReadAction\",\"target\":[\"https:\/\/www.modalis.com\/de\/trockene-schuettgueter\/\"]}]},{\"@type\":\"BreadcrumbList\",\"@id\":\"https:\/\/www.modalis.com\/de\/trockene-schuettgueter\/#breadcrumb\",\"itemListElement\":[{\"@type\":\"ListItem\",\"position\":1,\"name\":\"Accueil\",\"item\":\"https:\/\/www.modalis.com\/de\/\"},{\"@type\":\"ListItem\",\"position\":2,\"name\":\"TROCKENE SCH\u00dcTTG\u00dcTER\"}]}]}<\/script>\n<!-- \/ Yoast SEO plugin. -->","yoast_head_json":{"title":"TROCKENE SCH\u00dcTTG\u00dcTER - MODALIS location mat\u00e9riel transport combin\u00e9","robots":{"index":"index","follow":"follow","max-snippet":"max-snippet:-1","max-image-preview":"max-image-preview:large","max-video-preview":"max-video-preview:-1"},"canonical":"https:\/\/www.modalis.com\/de\/trockene-schuettgueter\/","og_locale":"de_DE","og_type":"article","og_title":"TROCKENE SCH\u00dcTTG\u00dcTER - MODALIS location mat\u00e9riel transport combin\u00e9","og_description":"[vc_row css=&#8220;.vc_custom_1501051593850{margin-top: 50px !important;}&#8220;][vc_column][vc_column_text css=&#8220;.vc_custom_1506328560437{margin-top: 0px !important;}&#8220;] UNSERE CONTAINER F\u00dcR TROCKENE SCH\u00dcTTG\u00dcTER\u00a0 [\/vc_column_text][\/vc_column][\/vc_row][vc_row][vc_column][vc_column_text]Wechselbeh\u00e4lter und Container aus Aluminium oder Stahl f\u00fcr Sch\u00fcttgut, erh\u00e4ltlich von der 20 ft- bis zur 45 ft-Ausf\u00fchrung. [&hellip;]","og_url":"https:\/\/www.modalis.com\/de\/trockene-schuettgueter\/","og_site_name":"MODALIS location mat\u00e9riel transport combin\u00e9","article_modified_time":"2017-09-25T08:54:43+00:00","twitter_card":"summary","twitter_misc":{"Gesch\u00e4tzte Lesezeit":"4\u00a0Minuten"},"schema":{"@context":"https:\/\/schema.org","@graph":[{"@type":"WebSite","@id":"https:\/\/www.modalis.com\/en\/#website","url":"https:\/\/www.modalis.com\/en\/","name":"MODALIS location mat\u00e9riel transport combin\u00e9","description":"Modalis, intermodal equipment rental","potentialAction":[{"@type":"SearchAction","target":{"@type":"EntryPoint","urlTemplate":"https:\/\/www.modalis.com\/en\/?s={search_term_string}"},"query-input":"required name=search_term_string"}],"inLanguage":"de"},{"@type":"WebPage","@id":"https:\/\/www.modalis.com\/de\/trockene-schuettgueter\/#webpage","url":"https:\/\/www.modalis.com\/de\/trockene-schuettgueter\/","name":"TROCKENE SCH\u00dcTTG\u00dcTER - MODALIS location mat\u00e9riel transport combin\u00e9","isPartOf":{"@id":"https:\/\/www.modalis.com\/en\/#website"},"datePublished":"2017-09-25T08:37:32+00:00","dateModified":"2017-09-25T08:54:43+00:00","breadcrumb":{"@id":"https:\/\/www.modalis.com\/de\/trockene-schuettgueter\/#breadcrumb"},"inLanguage":"de","potentialAction":[{"@type":"ReadAction","target":["https:\/\/www.modalis.com\/de\/trockene-schuettgueter\/"]}]},{"@type":"BreadcrumbList","@id":"https:\/\/www.modalis.com\/de\/trockene-schuettgueter\/#breadcrumb","itemListElement":[{"@type":"ListItem","position":1,"name":"Accueil","item":"https:\/\/www.modalis.com\/de\/"},{"@type":"ListItem","position":2,"name":"TROCKENE SCH\u00dcTTG\u00dcTER"}]}]}},"_links":{"self":[{"href":"https:\/\/www.modalis.com\/de\/wp-json\/wp\/v2\/pages\/3486"}],"collection":[{"href":"https:\/\/www.modalis.com\/de\/wp-json\/wp\/v2\/pages"}],"about":[{"href":"https:\/\/www.modalis.com\/de\/wp-json\/wp\/v2\/types\/page"}],"author":[{"embeddable":true,"href":"https:\/\/www.modalis.com\/de\/wp-json\/wp\/v2\/users\/1"}],"replies":[{"embeddable":true,"href":"https:\/\/www.modalis.com\/de\/wp-json\/wp\/v2\/comments?post=3486"}],"version-history":[{"count":0,"href":"https:\/\/www.modalis.com\/de\/wp-json\/wp\/v2\/pages\/3486\/revisions"}],"wp:attachment":[{"href":"https:\/\/www.modalis.com\/de\/wp-json\/wp\/v2\/media?parent=3486"}],"curies":[{"name":"wp","href":"https:\/\/api.w.org\/{rel}","templated":true}]}}