{"id":3032,"date":"2017-08-07T09:40:59","date_gmt":"2017-08-07T07:40:59","guid":{"rendered":"http:\/\/www.modalis.com\/?page_id=3032\/"},"modified":"2017-09-25T10:48:29","modified_gmt":"2017-09-25T08:48:29","slug":"kuehl-wechselbehaelter","status":"publish","type":"page","link":"https:\/\/www.modalis.com\/de\/kuehl-wechselbehaelter\/","title":{"rendered":"K\u00dcHL-WECHSELBEH\u00c4LTER"},"content":{"rendered":"<p>[vc_row css=&#8220;.vc_custom_1500627629941{margin-top: 50px !important;}&#8220;][vc_column][vc_column_text css=&#8220;.vc_custom_1506327759110{margin-top: 0px !important;}&#8220;]<\/p>\n<h1 style=\"text-align: center;\"><span style=\"color: #231f59;\">UNSERE K\u00dcHL-WECHSELBEH\u00c4LTER<\/span><\/h1>\n<p>[\/vc_column_text][\/vc_column][\/vc_row][vc_row css=&#8220;.vc_custom_1499955564068{margin-bottom: 30px !important;}&#8220;][vc_column width=&#8220;1\/2&#8243;]<h2 class=\"ozy-divider-cap-left wpb_content_element\">K\u00fchl-Wechselbeh\u00e4lter<\/h2><div class=\"ozy-content-divider \" style=\"border-top-style:solid;border-top-width:2px;border-top-color:#f39200;width:60px;max-width:60px;float:left;\"><\/div>[vc_column_text]20 ft oder 45 ft K\u00fchl-Wechselbeh\u00e4lter mit Stromaggregat oder dieselelektrischem Aggregat.<\/p>\n<p>Sonderausstattung: \u00dcbereinstimmung mit dem ATP-Abkommen (die meisten unserer Wechselbeh\u00e4lter haben eine FRC-Zulassung), Verzurrschienen, zweifache Temperatur, Palettierung<\/p>\n<p>Transportieren Sie Ihre Frischprodukte (Tiefk\u00fchlkost, Obst und Gem\u00fcse) oder empfindliche landwirtschaftliche, pharmazeutische oder industrielle Erzeugnisse v\u00f6llig sicher.<\/p>\n<p>Sonderanfertigung auf Anfrage.[\/vc_column_text][\/vc_column][vc_column width=&#8220;1\/2&#8243;][vc_images_carousel images=&#8220;2119,2409,2406&#8243; img_size=&#8220;380&#215;320&#8243; autoplay=&#8220;yes&#8220; wrap=&#8220;yes&#8220;][\/vc_column][\/vc_row][vc_row css=&#8220;.vc_custom_1500617836054{margin-top: 0px !important;margin-right: 0px !important;margin-bottom: 50px !important;margin-left: 0px !important;border-top-width: 0px !important;border-right-width: 0px !important;border-bottom-width: 0px !important;border-left-width: 0px !important;padding-top: 50px !important;padding-right: 50px !important;padding-bottom: 50px !important;padding-left: 50px !important;background-color: #f39200 !important;}&#8220; font_color=&#8220;#ffffff&#8220; el_id=&#8220;form-flotte&#8220;][vc_column]<div id=\"tile-with-icon_icon7916\" class=\"title-with-icon-wrapper clear xxlarge \" data-color=\"\"><div class=\"wpb_content_element title-with-icon clearfix \"><span  style=\"color:#ffffff !important;background-color: !important;\" class=\"oic-flaticon1-woman93 clear xxlarge \" ><\/span><h2 style=\"color:#ffffff\">HABEN SIE EINE FRAGE ?<\/h2><\/div><\/div>[vc_column_text]<span style=\"color: #ffffff;\">Sie k\u00f6nnen uns auf <span style=\"font-size: 18pt;\">+33 4 42 65 92 36\u00a0<\/span>erreichen oder folgendes Formular einf\u00fcllen.<\/span><\/p>\n<p><span style=\"color: #ffffff;\">Wir werden Sie zo schnell wie m\u00f6glich beantworten.<\/span>[\/vc_column_text]<div role=\"form\" class=\"wpcf7\" id=\"wpcf7-f2755-o1\" lang=\"fr-FR\" dir=\"ltr\">\n<div class=\"screen-reader-response\"><p role=\"status\" aria-live=\"polite\" aria-atomic=\"true\"><\/p> <ul><\/ul><\/div>\n<form action=\"\/de\/wp-json\/wp\/v2\/pages\/3032#wpcf7-f2755-o1\" method=\"post\" class=\"wpcf7-form init\" novalidate=\"novalidate\" data-status=\"init\">\n<div style=\"display: none;\">\n<input type=\"hidden\" name=\"_wpcf7\" value=\"2755\" \/>\n<input type=\"hidden\" name=\"_wpcf7_version\" value=\"5.5.4\" \/>\n<input type=\"hidden\" name=\"_wpcf7_locale\" value=\"fr_FR\" \/>\n<input type=\"hidden\" name=\"_wpcf7_unit_tag\" value=\"wpcf7-f2755-o1\" \/>\n<input type=\"hidden\" name=\"_wpcf7_container_post\" value=\"0\" \/>\n<input type=\"hidden\" name=\"_wpcf7_posted_data_hash\" value=\"\" \/>\n<input type=\"hidden\" name=\"_wpcf7_recaptcha_response\" value=\"\" \/>\n<\/div>\n<p><label> <span class=\"wpcf7-form-control-wrap your-company\"><input type=\"text\" name=\"your-company\" value=\"\" size=\"40\" class=\"wpcf7-form-control wpcf7-text wpcf7-validates-as-required\" aria-required=\"true\" aria-invalid=\"false\" placeholder=\"Firma*\" \/><\/span> <\/label><\/p>\n<p><label> <span class=\"wpcf7-form-control-wrap your-name\"><input type=\"text\" name=\"your-name\" value=\"\" size=\"40\" class=\"wpcf7-form-control wpcf7-text wpcf7-validates-as-required\" aria-required=\"true\" aria-invalid=\"false\" placeholder=\"Name*\" \/><\/span> <\/label><\/p>\n<p><label><span class=\"wpcf7-form-control-wrap your-city\"><input type=\"text\" name=\"your-city\" value=\"\" size=\"40\" class=\"wpcf7-form-control wpcf7-text\" aria-invalid=\"false\" placeholder=\"Stadt\" \/><\/span> <\/label><\/p>\n<p><label><span class=\"wpcf7-form-control-wrap your-country\"><input type=\"text\" name=\"your-country\" value=\"\" size=\"40\" class=\"wpcf7-form-control wpcf7-text\" aria-invalid=\"false\" placeholder=\"Land\" \/><\/span> <\/label><\/p>\n<p><label><span class=\"wpcf7-form-control-wrap your-phone\"><input type=\"tel\" name=\"your-phone\" value=\"\" size=\"40\" class=\"wpcf7-form-control wpcf7-text wpcf7-tel wpcf7-validates-as-required wpcf7-validates-as-tel\" aria-required=\"true\" aria-invalid=\"false\" placeholder=\"Telefon*\" \/><\/span> <\/label><\/p>\n<p><label><span class=\"wpcf7-form-control-wrap your-email\"><input type=\"email\" name=\"your-email\" value=\"\" size=\"40\" class=\"wpcf7-form-control wpcf7-text wpcf7-email wpcf7-validates-as-required wpcf7-validates-as-email\" aria-required=\"true\" aria-invalid=\"false\" placeholder=\"E-Mail*\" \/><\/span> <\/label><\/p>\n<p><label><span class=\"wpcf7-form-control-wrap your-subject\"><input type=\"text\" name=\"your-subject\" value=\"\" size=\"40\" class=\"wpcf7-form-control wpcf7-text\" aria-invalid=\"false\" placeholder=\"Nachrichtenbetreff\" \/><\/span> <\/label><\/p>\n<p><label><span class=\"wpcf7-form-control-wrap your-message\"><textarea name=\"your-message\" cols=\"40\" rows=\"10\" class=\"wpcf7-form-control wpcf7-textarea\" aria-invalid=\"false\" placeholder=\"Nachricht\"><\/textarea><\/span> <\/label><\/p>\n<p><label><span class=\"wpcf7-form-control-wrap donnes_perso\"><span class=\"wpcf7-form-control wpcf7-checkbox wpcf7-validates-as-required\"><span class=\"wpcf7-list-item first last\"><label><input type=\"checkbox\" name=\"donnes_perso[]\" value=\"Mit dem Absenden dieses Formulars erm\u00e4chtige ich MODALIS, meine personenbezogenen Daten im Rahmen meiner Anfrage zu verarbeiten und zu speichern.\" \/><span class=\"wpcf7-list-item-label\">Mit dem Absenden dieses Formulars erm\u00e4chtige ich MODALIS, meine personenbezogenen Daten im Rahmen meiner Anfrage zu verarbeiten und zu speichern.<\/span><\/label><\/span><\/span><\/span> <\/label><\/p>\n<div id=\"cf7sr-69de096634e7e\" class=\"cf7sr-g-recaptcha\" data-sitekey=\"6Le4eI8iAAAAALR4hICMvemv875HXX1lNXOs9Hog\"><\/div><span class=\"wpcf7-form-control-wrap cf7sr-recaptcha\" data-name=\"cf7sr-recaptcha\"><input type=\"hidden\" name=\"cf7sr-recaptcha\" value=\"\" class=\"wpcf7-form-control\"><\/span><\/p>\n<p><input type=\"submit\" value=\"Nachricht abschicken\" class=\"wpcf7-form-control has-spinner wpcf7-submit\" \/><\/p>\n<div class=\"wpcf7-response-output\" aria-hidden=\"true\"><\/div><\/form><\/div>[\/vc_column][\/vc_row]<\/p>\n","protected":false},"excerpt":{"rendered":"<p>[vc_row css=&#8220;.vc_custom_1500627629941{margin-top: 50px !important;}&#8220;][vc_column][vc_column_text css=&#8220;.vc_custom_1506327759110{margin-top: 0px !important;}&#8220;] UNSERE K\u00dcHL-WECHSELBEH\u00c4LTER [\/vc_column_text][\/vc_column][\/vc_row][vc_row css=&#8220;.vc_custom_1499955564068{margin-bottom: 30px !important;}&#8220;][vc_column width=&#8220;1\/2&#8243;][vc_column_text]20 ft oder 45 ft K\u00fchl-Wechselbeh\u00e4lter mit Stromaggregat oder dieselelektrischem Aggregat. Sonderausstattung: \u00dcbereinstimmung mit dem ATP-Abkommen (die [&hellip;]<\/p>\n","protected":false},"author":1,"featured_media":0,"parent":0,"menu_order":0,"comment_status":"closed","ping_status":"closed","template":"","meta":[],"yoast_head":"<!-- This site is optimized with the Yoast SEO plugin v18.0 - https:\/\/yoast.com\/wordpress\/plugins\/seo\/ -->\n<title>K\u00dcHL-WECHSELBEH\u00c4LTER - MODALIS location mat\u00e9riel transport combin\u00e9<\/title>\n<meta name=\"robots\" content=\"index, follow, max-snippet:-1, max-image-preview:large, max-video-preview:-1\" \/>\n<link rel=\"canonical\" href=\"https:\/\/www.modalis.com\/de\/kuehl-wechselbehaelter\/\" \/>\n<meta property=\"og:locale\" content=\"de_DE\" \/>\n<meta property=\"og:type\" content=\"article\" \/>\n<meta property=\"og:title\" content=\"K\u00dcHL-WECHSELBEH\u00c4LTER - MODALIS location mat\u00e9riel transport combin\u00e9\" \/>\n<meta property=\"og:description\" content=\"[vc_row css=&#8220;.vc_custom_1500627629941{margin-top: 50px !important;}&#8220;][vc_column][vc_column_text css=&#8220;.vc_custom_1506327759110{margin-top: 0px !important;}&#8220;] UNSERE K\u00dcHL-WECHSELBEH\u00c4LTER [\/vc_column_text][\/vc_column][\/vc_row][vc_row css=&#8220;.vc_custom_1499955564068{margin-bottom: 30px !important;}&#8220;][vc_column width=&#8220;1\/2&#8243;][vc_column_text]20 ft oder 45 ft K\u00fchl-Wechselbeh\u00e4lter mit Stromaggregat oder dieselelektrischem Aggregat. Sonderausstattung: \u00dcbereinstimmung mit dem ATP-Abkommen (die [&hellip;]\" \/>\n<meta property=\"og:url\" content=\"https:\/\/www.modalis.com\/de\/kuehl-wechselbehaelter\/\" \/>\n<meta property=\"og:site_name\" content=\"MODALIS location mat\u00e9riel transport combin\u00e9\" \/>\n<meta property=\"article:modified_time\" content=\"2017-09-25T08:48:29+00:00\" \/>\n<meta name=\"twitter:card\" content=\"summary\" \/>\n<meta name=\"twitter:label1\" content=\"Gesch\u00e4tzte Lesezeit\" \/>\n\t<meta name=\"twitter:data1\" content=\"1\u00a0Minute\" \/>\n<script type=\"application\/ld+json\" class=\"yoast-schema-graph\">{\"@context\":\"https:\/\/schema.org\",\"@graph\":[{\"@type\":\"WebSite\",\"@id\":\"https:\/\/www.modalis.com\/en\/#website\",\"url\":\"https:\/\/www.modalis.com\/en\/\",\"name\":\"MODALIS location mat\u00e9riel transport combin\u00e9\",\"description\":\"Modalis, intermodal equipment rental\",\"potentialAction\":[{\"@type\":\"SearchAction\",\"target\":{\"@type\":\"EntryPoint\",\"urlTemplate\":\"https:\/\/www.modalis.com\/en\/?s={search_term_string}\"},\"query-input\":\"required name=search_term_string\"}],\"inLanguage\":\"de\"},{\"@type\":\"WebPage\",\"@id\":\"https:\/\/www.modalis.com\/de\/kuehl-wechselbehaelter\/#webpage\",\"url\":\"https:\/\/www.modalis.com\/de\/kuehl-wechselbehaelter\/\",\"name\":\"K\u00dcHL-WECHSELBEH\u00c4LTER - MODALIS location mat\u00e9riel transport combin\u00e9\",\"isPartOf\":{\"@id\":\"https:\/\/www.modalis.com\/en\/#website\"},\"datePublished\":\"2017-08-07T07:40:59+00:00\",\"dateModified\":\"2017-09-25T08:48:29+00:00\",\"breadcrumb\":{\"@id\":\"https:\/\/www.modalis.com\/de\/kuehl-wechselbehaelter\/#breadcrumb\"},\"inLanguage\":\"de\",\"potentialAction\":[{\"@type\":\"ReadAction\",\"target\":[\"https:\/\/www.modalis.com\/de\/kuehl-wechselbehaelter\/\"]}]},{\"@type\":\"BreadcrumbList\",\"@id\":\"https:\/\/www.modalis.com\/de\/kuehl-wechselbehaelter\/#breadcrumb\",\"itemListElement\":[{\"@type\":\"ListItem\",\"position\":1,\"name\":\"Accueil\",\"item\":\"https:\/\/www.modalis.com\/de\/\"},{\"@type\":\"ListItem\",\"position\":2,\"name\":\"K\u00dcHL-WECHSELBEH\u00c4LTER\"}]}]}<\/script>\n<!-- \/ Yoast SEO plugin. -->","yoast_head_json":{"title":"K\u00dcHL-WECHSELBEH\u00c4LTER - MODALIS location mat\u00e9riel transport combin\u00e9","robots":{"index":"index","follow":"follow","max-snippet":"max-snippet:-1","max-image-preview":"max-image-preview:large","max-video-preview":"max-video-preview:-1"},"canonical":"https:\/\/www.modalis.com\/de\/kuehl-wechselbehaelter\/","og_locale":"de_DE","og_type":"article","og_title":"K\u00dcHL-WECHSELBEH\u00c4LTER - MODALIS location mat\u00e9riel transport combin\u00e9","og_description":"[vc_row css=&#8220;.vc_custom_1500627629941{margin-top: 50px !important;}&#8220;][vc_column][vc_column_text css=&#8220;.vc_custom_1506327759110{margin-top: 0px !important;}&#8220;] UNSERE K\u00dcHL-WECHSELBEH\u00c4LTER [\/vc_column_text][\/vc_column][\/vc_row][vc_row css=&#8220;.vc_custom_1499955564068{margin-bottom: 30px !important;}&#8220;][vc_column width=&#8220;1\/2&#8243;][vc_column_text]20 ft oder 45 ft K\u00fchl-Wechselbeh\u00e4lter mit Stromaggregat oder dieselelektrischem Aggregat. Sonderausstattung: \u00dcbereinstimmung mit dem ATP-Abkommen (die [&hellip;]","og_url":"https:\/\/www.modalis.com\/de\/kuehl-wechselbehaelter\/","og_site_name":"MODALIS location mat\u00e9riel transport combin\u00e9","article_modified_time":"2017-09-25T08:48:29+00:00","twitter_card":"summary","twitter_misc":{"Gesch\u00e4tzte Lesezeit":"1\u00a0Minute"},"schema":{"@context":"https:\/\/schema.org","@graph":[{"@type":"WebSite","@id":"https:\/\/www.modalis.com\/en\/#website","url":"https:\/\/www.modalis.com\/en\/","name":"MODALIS location mat\u00e9riel transport combin\u00e9","description":"Modalis, intermodal equipment rental","potentialAction":[{"@type":"SearchAction","target":{"@type":"EntryPoint","urlTemplate":"https:\/\/www.modalis.com\/en\/?s={search_term_string}"},"query-input":"required name=search_term_string"}],"inLanguage":"de"},{"@type":"WebPage","@id":"https:\/\/www.modalis.com\/de\/kuehl-wechselbehaelter\/#webpage","url":"https:\/\/www.modalis.com\/de\/kuehl-wechselbehaelter\/","name":"K\u00dcHL-WECHSELBEH\u00c4LTER - MODALIS location mat\u00e9riel transport combin\u00e9","isPartOf":{"@id":"https:\/\/www.modalis.com\/en\/#website"},"datePublished":"2017-08-07T07:40:59+00:00","dateModified":"2017-09-25T08:48:29+00:00","breadcrumb":{"@id":"https:\/\/www.modalis.com\/de\/kuehl-wechselbehaelter\/#breadcrumb"},"inLanguage":"de","potentialAction":[{"@type":"ReadAction","target":["https:\/\/www.modalis.com\/de\/kuehl-wechselbehaelter\/"]}]},{"@type":"BreadcrumbList","@id":"https:\/\/www.modalis.com\/de\/kuehl-wechselbehaelter\/#breadcrumb","itemListElement":[{"@type":"ListItem","position":1,"name":"Accueil","item":"https:\/\/www.modalis.com\/de\/"},{"@type":"ListItem","position":2,"name":"K\u00dcHL-WECHSELBEH\u00c4LTER"}]}]}},"_links":{"self":[{"href":"https:\/\/www.modalis.com\/de\/wp-json\/wp\/v2\/pages\/3032"}],"collection":[{"href":"https:\/\/www.modalis.com\/de\/wp-json\/wp\/v2\/pages"}],"about":[{"href":"https:\/\/www.modalis.com\/de\/wp-json\/wp\/v2\/types\/page"}],"author":[{"embeddable":true,"href":"https:\/\/www.modalis.com\/de\/wp-json\/wp\/v2\/users\/1"}],"replies":[{"embeddable":true,"href":"https:\/\/www.modalis.com\/de\/wp-json\/wp\/v2\/comments?post=3032"}],"version-history":[{"count":0,"href":"https:\/\/www.modalis.com\/de\/wp-json\/wp\/v2\/pages\/3032\/revisions"}],"wp:attachment":[{"href":"https:\/\/www.modalis.com\/de\/wp-json\/wp\/v2\/media?parent=3032"}],"curies":[{"name":"wp","href":"https:\/\/api.w.org\/{rel}","templated":true}]}}