{"id":2968,"date":"2017-08-07T08:24:57","date_gmt":"2017-08-07T06:24:57","guid":{"rendered":"http:\/\/www.modalis.com\/?page_id=2968\/"},"modified":"2017-11-07T22:41:19","modified_gmt":"2017-11-07T21:41:19","slug":"schuettgut","status":"publish","type":"page","link":"https:\/\/www.modalis.com\/de\/schuettgut\/","title":{"rendered":"Sch\u00fcttgut"},"content":{"rendered":"<p>[vc_row row_fullwidth=&#8220;1&#8243; row_zero_column_space=&#8220;1&#8243; css=&#8220;.vc_custom_1502087504200{margin-top: 0px !important;margin-right: 0px !important;margin-bottom: 0px !important;margin-left: 0px !important;padding-top: 0px !important;padding-right: 0px !important;padding-bottom: 0px !important;padding-left: 0px !important;}&#8220;][vc_column][rev_slider_vc alias=&#8220;produits-vrac-de&#8220; el_class=&#8220;no-bottom-margin&#8220;][vc_row_inner css=&#8220;.vc_custom_1461076835725{margin-top: 0px !important;margin-bottom: 0px !important;padding-top: 0px !important;padding-bottom: 0px !important;}&#8220;][vc_column_inner width=&#8220;1\/4&#8243;]<div id=\"ohwc-20658\" class=\"ozy-hover-card\">\t<div class=\"f\"><figure><img src=\"https:\/\/www.modalis.com\/wp-content\/uploads\/2017\/04\/slide-marchandise-2-300x109.jpg\" alt=\"\"\/><\/figure>\t\t<div><i class=\"oic oic-flaticon2-zooming\">&nbsp;<\/i><h3>Warentransport aller art<\/h3><p>MODALIS arbeitet eng mit ausgew\u00e4hlten Konstrukteuren zusammen...<\/p><a href=\"http:\/\/www.modalis.com\/de\/warentransport-aller-art\/\" class=\"content-color\"  target=\"\"><span>MEHR LESEN<\/span> &rarr;<\/a>\t\t<\/div>\t<\/div>\t<div class=\"s\">\t\t<div><i class=\"oic oic-flaticon2-zooming\">&nbsp;<\/i><h3>Warentransport aller art<\/h3>\t\t<\/div>\t<\/div><\/div>[\/vc_column_inner][vc_column_inner width=&#8220;1\/4&#8243;]<div id=\"ohwc-38550\" class=\"ozy-hover-card\">\t<div class=\"f\"><figure><img src=\"https:\/\/www.modalis.com\/wp-content\/uploads\/2017\/04\/slide-vrac-300x109.jpg\" alt=\"\"\/><\/figure>\t\t<div><i class=\"oic oic-flaticon1-delivery24\">&nbsp;<\/i><h3>Sch\u00fcttgut<\/h3><p>Das MODALIS-Team beherrscht die komplexen Techniken der Sch\u00fcttgutlogistik...<\/p><a href=\"http:\/\/www.modalis.com\/de\/schuettgut\/\" class=\"content-color\"  target=\"\"><span>MEHR LESEN<\/span> &rarr;<\/a>\t\t<\/div>\t<\/div>\t<div class=\"s\">\t\t<div><i class=\"oic oic-flaticon1-delivery24\">&nbsp;<\/i><h3>Sch\u00fcttgut<\/h3>\t\t<\/div>\t<\/div><\/div>[\/vc_column_inner][vc_column_inner width=&#8220;1\/4&#8243;]<div id=\"ohwc-9026\" class=\"ozy-hover-card\">\t<div class=\"f\"><figure><img src=\"https:\/\/www.modalis.com\/wp-content\/uploads\/2017\/04\/slide-chassis-300x109.jpg\" alt=\"\"\/><\/figure>\t\t<div><i class=\"oic oic-flaticon1-delivery17\">&nbsp;<\/i><h3>Containerfahrgestelle<\/h3><p>MODALIS bietet eine breite Palette von Containerfahrgestellen...<\/p><a href=\"http:\/\/www.modalis.com\/de\/containerfahrgestelle\/\" class=\"content-color\"  target=\"\"><span>MEHR LESEN<\/span> &rarr;<\/a>\t\t<\/div>\t<\/div>\t<div class=\"s\">\t\t<div><i class=\"oic oic-flaticon1-delivery17\">&nbsp;<\/i><h3>Containerfahrgestelle<\/h3>\t\t<\/div>\t<\/div><\/div>[\/vc_column_inner][vc_column_inner width=&#8220;1\/4&#8243;]<div id=\"ohwc-20498\" class=\"ozy-hover-card\">\t<div class=\"f\"><figure><img src=\"https:\/\/www.modalis.com\/wp-content\/uploads\/2017\/04\/slide-wagon-300x109.jpg\" alt=\"\"\/><\/figure>\t\t<div><i class=\"oic oic-flaticon6-train\">&nbsp;<\/i><h3>Waggons<\/h3><p>Neben seiner Palette an ITE-Produkten und Stra\u00dfenfahrgestellen...<\/p><a href=\"http:\/\/www.modalis.com\/de\/waggons\" class=\"content-color\"  target=\"\"><span>MEHR LESEN<\/span> &rarr;<\/a>\t\t<\/div>\t<\/div>\t<div class=\"s\">\t\t<div><i class=\"oic oic-flaticon6-train\">&nbsp;<\/i><h3>Waggons<\/h3>\t\t<\/div>\t<\/div><\/div>[\/vc_column_inner][\/vc_row_inner][\/vc_column][\/vc_row][vc_row css=&#8220;.vc_custom_1493040506795{margin-bottom: 20px !important;}&#8220;][vc_column][vc_column_text]Das <span style=\"color: #f39200;\">MODALIS-Team<\/span> beherrscht die komplexen Techniken der Sch\u00fcttgutlogistik und begleitet Sie in diesen spezialisierten T\u00e4tigkeitsfeldern. Dank der Erfahrung seiner Mitarbeiter konzentriert <span style=\"color: #f39200;\">MODALIS<\/span> die Entwicklung auf spezielle, intermodale Maschinen, die daf\u00fcr ausgelegt sind, die Anforderungen seiner Kunden an Transport und Lagerung zu erf\u00fcllen. Unabh\u00e4ngig vom zu transportierenden Produkt und seinen Transportwegen, kann <span style=\"color: #f39200;\">MODALIS<\/span> Ihnen passende L\u00f6sungen vorschlagen und die Eignung des Materials f\u00fcr Ihren Bedarf im Einklang mit den geltenden Vorschriften gew\u00e4hrleisten. Unser Programm umfasst ISO-Container und Wechselbeh\u00e4lter f\u00fcr den Transport von Fl\u00fcssigkeiten, Gasen, Pulvern, Granulaten und Sch\u00fcttgut aller Art.[\/vc_column_text][\/vc_column][\/vc_row][vc_row css=&#8220;.vc_custom_1492696381005{margin-bottom: 70px !important;}&#8220;][vc_column width=&#8220;1\/3&#8243;]<div class=\"ozy-simple-hove-box \" id=\"simple-hove-box-7795\"><h5><span class=\"cbox\"><\/span>TROCKENE SCH\u00dcTTG\u00dcTER<\/h5><a href=\"\/de\/trockene-schuettgueter\/\" target=\"_self\" id=\"simple-hove-box-7795\">\n<img src=\"https:\/\/www.modalis.com\/wp-content\/uploads\/2017\/04\/dechargement-gravite-caisse-mobile-benne-20ft.jpg\" alt=\"TROCKENE SCH\u00dcTTG\u00dcTER\"\/><section><p class=\"ozy-vertical-centered-element\">MEHR LESEN<\/p><\/section>\n<\/a>\n<\/div>[\/vc_column][vc_column width=&#8220;1\/3&#8243;]<div class=\"ozy-simple-hove-box \" id=\"simple-hove-box-7477\"><h5><span class=\"cbox\"><\/span>MASSENGUT GAS<\/h5><a href=\"\/de\/massengut-gas\/\" target=\"_self\" id=\"simple-hove-box-7477\">\n<img src=\"https:\/\/www.modalis.com\/wp-content\/uploads\/2017\/04\/Citerne-20ft-ISO-T50-24-000-litres.jpg\" alt=\"MASSENGUT GAS\"\/><section><p class=\"ozy-vertical-centered-element\">MEHR LESEN<\/p><\/section>\n<\/a>\n<\/div>[\/vc_column][vc_column width=&#8220;1\/3&#8243;]<div class=\"ozy-simple-hove-box \" id=\"simple-hove-box-1111\"><h5><span class=\"cbox\"><\/span>FL\u00dcSSIGE MASSENG\u00dcTER<\/h5><a href=\"\/de\/fluessige-massenguter\/\" target=\"_self\" id=\"simple-hove-box-1111\">\n<img src=\"https:\/\/www.modalis.com\/wp-content\/uploads\/2017\/04\/Citerne-20ft-ISO-T12.jpg\" alt=\"FL\u00dcSSIGE MASSENG\u00dcTER\"\/><section><p class=\"ozy-vertical-centered-element\">MEHR LESEN<\/p><\/section>\n<\/a>\n<\/div>[\/vc_column][\/vc_row][vc_row row_fullwidth=&#8220;1&#8243; css=&#8220;.vc_custom_1490950020522{margin-top: 0px !important;margin-right: 0px !important;margin-bottom: 0px !important;margin-left: 0px !important;padding-top: 0px !important;padding-right: 0px !important;padding-bottom: 0px !important;padding-left: 0px !important;}&#8220;][vc_column]<div id=\"owcta-67861\" class=\"ozy-wide-call-to-action\"><div class=\"bar\"><div><i class=\"oic-flaticon5-time\">&nbsp;<\/i><div class=\"part1\"><h5>Ihren Antrag, unseren Dienst<\/br>Anrufen : <span>+33 4 42 65 92 36<\/span><\/h5><\/div><div class=\"part2\"><a href=\"#request-a-rate\" class=\"comp-request-a-rate\"><\/a><\/div><\/div><\/div><div class=\"gradient\"><div><h3>VERMIETUNG - HANDELN<br>& BERATUNGSDIENST<\/h3><h5>Intermodalen Verkehr<\/h5><\/div><\/div><\/div>[\/vc_column][\/vc_row]<\/p>\n","protected":false},"excerpt":{"rendered":"<p>[vc_row row_fullwidth=&#8220;1&#8243; row_zero_column_space=&#8220;1&#8243; css=&#8220;.vc_custom_1502087504200{margin-top: 0px !important;margin-right: 0px !important;margin-bottom: 0px !important;margin-left: 0px !important;padding-top: 0px !important;padding-right: 0px !important;padding-bottom: 0px !important;padding-left: 0px !important;}&#8220;][vc_column][rev_slider_vc alias=&#8220;produits-vrac-de&#8220; el_class=&#8220;no-bottom-margin&#8220;][vc_row_inner css=&#8220;.vc_custom_1461076835725{margin-top: 0px !important;margin-bottom: 0px !important;padding-top: 0px !important;padding-bottom: 0px [&hellip;]<\/p>\n","protected":false},"author":1,"featured_media":0,"parent":0,"menu_order":6,"comment_status":"closed","ping_status":"closed","template":"","meta":[],"yoast_head":"<!-- This site is optimized with the Yoast SEO plugin v18.0 - https:\/\/yoast.com\/wordpress\/plugins\/seo\/ -->\n<title>Sch\u00fcttgut - MODALIS location mat\u00e9riel transport combin\u00e9<\/title>\n<meta name=\"robots\" content=\"index, follow, max-snippet:-1, max-image-preview:large, max-video-preview:-1\" \/>\n<link rel=\"canonical\" href=\"https:\/\/www.modalis.com\/de\/schuettgut\/\" \/>\n<meta property=\"og:locale\" content=\"de_DE\" \/>\n<meta property=\"og:type\" content=\"article\" \/>\n<meta property=\"og:title\" content=\"Sch\u00fcttgut - MODALIS location mat\u00e9riel transport combin\u00e9\" \/>\n<meta property=\"og:description\" content=\"[vc_row row_fullwidth=&#8220;1&#8243; row_zero_column_space=&#8220;1&#8243; css=&#8220;.vc_custom_1502087504200{margin-top: 0px !important;margin-right: 0px !important;margin-bottom: 0px !important;margin-left: 0px !important;padding-top: 0px !important;padding-right: 0px !important;padding-bottom: 0px !important;padding-left: 0px !important;}&#8220;][vc_column][rev_slider_vc alias=&#8220;produits-vrac-de&#8220; el_class=&#8220;no-bottom-margin&#8220;][vc_row_inner css=&#8220;.vc_custom_1461076835725{margin-top: 0px !important;margin-bottom: 0px !important;padding-top: 0px !important;padding-bottom: 0px [&hellip;]\" \/>\n<meta property=\"og:url\" content=\"https:\/\/www.modalis.com\/de\/schuettgut\/\" \/>\n<meta property=\"og:site_name\" content=\"MODALIS location mat\u00e9riel transport combin\u00e9\" \/>\n<meta property=\"article:modified_time\" content=\"2017-11-07T21:41:19+00:00\" \/>\n<meta name=\"twitter:card\" content=\"summary\" \/>\n<meta name=\"twitter:label1\" content=\"Gesch\u00e4tzte Lesezeit\" \/>\n\t<meta name=\"twitter:data1\" content=\"3\u00a0Minuten\" \/>\n<script type=\"application\/ld+json\" class=\"yoast-schema-graph\">{\"@context\":\"https:\/\/schema.org\",\"@graph\":[{\"@type\":\"WebSite\",\"@id\":\"https:\/\/www.modalis.com\/en\/#website\",\"url\":\"https:\/\/www.modalis.com\/en\/\",\"name\":\"MODALIS location mat\u00e9riel transport combin\u00e9\",\"description\":\"Modalis, intermodal equipment rental\",\"potentialAction\":[{\"@type\":\"SearchAction\",\"target\":{\"@type\":\"EntryPoint\",\"urlTemplate\":\"https:\/\/www.modalis.com\/en\/?s={search_term_string}\"},\"query-input\":\"required name=search_term_string\"}],\"inLanguage\":\"de\"},{\"@type\":\"WebPage\",\"@id\":\"https:\/\/www.modalis.com\/de\/schuettgut\/#webpage\",\"url\":\"https:\/\/www.modalis.com\/de\/schuettgut\/\",\"name\":\"Sch\u00fcttgut - MODALIS location mat\u00e9riel transport combin\u00e9\",\"isPartOf\":{\"@id\":\"https:\/\/www.modalis.com\/en\/#website\"},\"datePublished\":\"2017-08-07T06:24:57+00:00\",\"dateModified\":\"2017-11-07T21:41:19+00:00\",\"breadcrumb\":{\"@id\":\"https:\/\/www.modalis.com\/de\/schuettgut\/#breadcrumb\"},\"inLanguage\":\"de\",\"potentialAction\":[{\"@type\":\"ReadAction\",\"target\":[\"https:\/\/www.modalis.com\/de\/schuettgut\/\"]}]},{\"@type\":\"BreadcrumbList\",\"@id\":\"https:\/\/www.modalis.com\/de\/schuettgut\/#breadcrumb\",\"itemListElement\":[{\"@type\":\"ListItem\",\"position\":1,\"name\":\"Accueil\",\"item\":\"https:\/\/www.modalis.com\/de\/\"},{\"@type\":\"ListItem\",\"position\":2,\"name\":\"Sch\u00fcttgut\"}]}]}<\/script>\n<!-- \/ Yoast SEO plugin. -->","yoast_head_json":{"title":"Sch\u00fcttgut - MODALIS location mat\u00e9riel transport combin\u00e9","robots":{"index":"index","follow":"follow","max-snippet":"max-snippet:-1","max-image-preview":"max-image-preview:large","max-video-preview":"max-video-preview:-1"},"canonical":"https:\/\/www.modalis.com\/de\/schuettgut\/","og_locale":"de_DE","og_type":"article","og_title":"Sch\u00fcttgut - MODALIS location mat\u00e9riel transport combin\u00e9","og_description":"[vc_row row_fullwidth=&#8220;1&#8243; row_zero_column_space=&#8220;1&#8243; css=&#8220;.vc_custom_1502087504200{margin-top: 0px !important;margin-right: 0px !important;margin-bottom: 0px !important;margin-left: 0px !important;padding-top: 0px !important;padding-right: 0px !important;padding-bottom: 0px !important;padding-left: 0px !important;}&#8220;][vc_column][rev_slider_vc alias=&#8220;produits-vrac-de&#8220; el_class=&#8220;no-bottom-margin&#8220;][vc_row_inner css=&#8220;.vc_custom_1461076835725{margin-top: 0px !important;margin-bottom: 0px !important;padding-top: 0px !important;padding-bottom: 0px [&hellip;]","og_url":"https:\/\/www.modalis.com\/de\/schuettgut\/","og_site_name":"MODALIS location mat\u00e9riel transport combin\u00e9","article_modified_time":"2017-11-07T21:41:19+00:00","twitter_card":"summary","twitter_misc":{"Gesch\u00e4tzte Lesezeit":"3\u00a0Minuten"},"schema":{"@context":"https:\/\/schema.org","@graph":[{"@type":"WebSite","@id":"https:\/\/www.modalis.com\/en\/#website","url":"https:\/\/www.modalis.com\/en\/","name":"MODALIS location mat\u00e9riel transport combin\u00e9","description":"Modalis, intermodal equipment rental","potentialAction":[{"@type":"SearchAction","target":{"@type":"EntryPoint","urlTemplate":"https:\/\/www.modalis.com\/en\/?s={search_term_string}"},"query-input":"required name=search_term_string"}],"inLanguage":"de"},{"@type":"WebPage","@id":"https:\/\/www.modalis.com\/de\/schuettgut\/#webpage","url":"https:\/\/www.modalis.com\/de\/schuettgut\/","name":"Sch\u00fcttgut - MODALIS location mat\u00e9riel transport combin\u00e9","isPartOf":{"@id":"https:\/\/www.modalis.com\/en\/#website"},"datePublished":"2017-08-07T06:24:57+00:00","dateModified":"2017-11-07T21:41:19+00:00","breadcrumb":{"@id":"https:\/\/www.modalis.com\/de\/schuettgut\/#breadcrumb"},"inLanguage":"de","potentialAction":[{"@type":"ReadAction","target":["https:\/\/www.modalis.com\/de\/schuettgut\/"]}]},{"@type":"BreadcrumbList","@id":"https:\/\/www.modalis.com\/de\/schuettgut\/#breadcrumb","itemListElement":[{"@type":"ListItem","position":1,"name":"Accueil","item":"https:\/\/www.modalis.com\/de\/"},{"@type":"ListItem","position":2,"name":"Sch\u00fcttgut"}]}]}},"_links":{"self":[{"href":"https:\/\/www.modalis.com\/de\/wp-json\/wp\/v2\/pages\/2968"}],"collection":[{"href":"https:\/\/www.modalis.com\/de\/wp-json\/wp\/v2\/pages"}],"about":[{"href":"https:\/\/www.modalis.com\/de\/wp-json\/wp\/v2\/types\/page"}],"author":[{"embeddable":true,"href":"https:\/\/www.modalis.com\/de\/wp-json\/wp\/v2\/users\/1"}],"replies":[{"embeddable":true,"href":"https:\/\/www.modalis.com\/de\/wp-json\/wp\/v2\/comments?post=2968"}],"version-history":[{"count":0,"href":"https:\/\/www.modalis.com\/de\/wp-json\/wp\/v2\/pages\/2968\/revisions"}],"wp:attachment":[{"href":"https:\/\/www.modalis.com\/de\/wp-json\/wp\/v2\/media?parent=2968"}],"curies":[{"name":"wp","href":"https:\/\/api.w.org\/{rel}","templated":true}]}}