{"id":2690,"date":"2017-08-03T11:28:12","date_gmt":"2017-08-03T09:28:12","guid":{"rendered":"http:\/\/www.modalis.com\/?page_id=2690\/"},"modified":"2017-08-03T11:55:10","modified_gmt":"2017-08-03T09:55:10","slug":"developpement-durable","status":"publish","type":"page","link":"https:\/\/www.modalis.com\/de\/developpement-durable\/","title":{"rendered":"Nachhaltige Entwicklung"},"content":{"rendered":"<p>[vc_row][vc_column][rev_slider_vc alias=&#8220;dev-durable-de&#8220;][\/vc_column][\/vc_row][vc_row css=&#8220;.vc_custom_1493383440893{margin-top: 30px !important;}&#8220;][vc_column][vc_column_text]<\/p>\n<h2 style=\"text-align: center;\"><span style=\"color: #f39200;\">&#8222;Unter nachhaltiger Entwicklung wird eine Entwicklung verstanden, die den Bed\u00fcrfnissen der Gegenwart entspricht, ohne jedoch die F\u00e4higkeit k\u00fcnftiger Generationen zur Befriedigung ihrer Bed\u00fcrfnisse zu gef\u00e4hrden.&#8220;<\/span><\/h2>\n<p>[\/vc_column_text][\/vc_column][\/vc_row][vc_row css=&#8220;.vc_custom_1493384944937{margin-top: 40px !important;}&#8220;][vc_column width=&#8220;1\/2&#8243;][vc_column_text]Soziale Unternehmensverantwortung (responsabilit\u00e9 soci\u00e9tale ou sociale des entreprises, RSE) bezeichnet die freiwillige Ber\u00fccksichtigung sozialer und \u00f6kologischer Aspekte im Rahmen der Gesch\u00e4ftsaktivit\u00e4ten der Unternehmen sowie hinsichtlich ihrer Interaktionen mit anderen Akteuren bzw.Interessengruppen.<\/p>\n<p>Soziale und \u00f6kologische Aspekte werden dabei in die Unternehmensstrategien und operativen Unternehmensaktivit\u00e4ten integriert.[\/vc_column_text][\/vc_column][vc_column width=&#8220;1\/2&#8243;][vc_single_image image=&#8220;1049&#8243; img_size=&#8220;full&#8220; alignment=&#8220;center&#8220; zoom_on_hover=&#8220;yes&#8220;][\/vc_column][\/vc_row][vc_row css=&#8220;.vc_custom_1493384460442{margin-top: 70px !important;}&#8220;][vc_column][vc_column_text]<\/p>\n<h1 style=\"text-align: center;\"><span style=\"color: #231f59;\">DATIERE SCHL\u00dcSSEL<\/span><\/h1>\n<p>[\/vc_column_text][\/vc_column][\/vc_row][vc_row css=&#8220;.vc_custom_1491505068924{margin-bottom: 70px !important;}&#8220;][vc_column width=&#8220;1\/2&#8243;]<div id=\"tile-with-icon_icon4922\" class=\"title-with-icon-wrapper clear large \" data-color=\"\"><div class=\"wpb_content_element title-with-icon clearfix margin-bottom-0 \"><span  style=\"color:#ffffff !important;background-color:#f39200 !important;\" class=\"oic-check-1 clear large \" ><\/span><h3 style=\"color:#231f59\">1992 - Klimagipfel in Rio de Janeiro, Erste \u00ab Conference of the parties \u00bb<\/h3><\/div><div class=\"wpb_content_element left-cs title-with-icon-content large clearfix\" style=\"color:#231f59\">Ziel: Begrenzung der Erderw\u00e4rmung auf 1,5\u00b0C im Vergleich zum vorindustriellen Zeitalter<\/div><\/div><div id=\"tile-with-icon_icon6449\" class=\"title-with-icon-wrapper clear large \" data-color=\"\"><div class=\"wpb_content_element title-with-icon clearfix \"><span  style=\"color:#ffffff !important;background-color:#f39200 !important;\" class=\"oic-check-1 clear large \" ><\/span><h3 style=\"color:#231f59\">2015 \u2013 COP 21 \u2013 Paris \u2013 Unterzeichnung einer internationalen Vereinbarung durch 195 Staaten <\/h3><\/div><\/div>[\/vc_column][vc_column width=&#8220;1\/2&#8243;]<div id=\"tile-with-icon_icon2857\" class=\"title-with-icon-wrapper clear large \" data-color=\"\"><div class=\"wpb_content_element title-with-icon clearfix \"><span  style=\"color:#ffffff !important;background-color:#f39200 !important;\" class=\"oic-check-1 clear large \" ><\/span><h3 style=\"color:#231f59\">2016 \u2013 COP 22 \u2013 Marrakesch \u2013 Definition von Ma\u00dfnahmen zur konkreten Umsetzung der in Paris getroffenen Entscheidungen<\/h3><\/div><\/div><div id=\"tile-with-icon_icon5486\" class=\"title-with-icon-wrapper clear large \" data-color=\"\"><div class=\"wpb_content_element title-with-icon clearfix \"><span  style=\"color:#ffffff !important;background-color:#f39200 !important;\" class=\"oic-check-1 clear large \" ><\/span><h3 style=\"color:#231f59\">2017 \u2013 Modalis begleitet Sie seit 15 Jahren bei der Umsetzung Ihrer Entscheidungen zur Nutzung intermodaler Transportwege. <\/h3><\/div><\/div>[\/vc_column][\/vc_row][vc_row css=&#8220;.vc_custom_1493384460442{margin-top: 70px !important;}&#8220;][vc_column][vc_column_text]<\/p>\n<h1 style=\"text-align: center;\"><span style=\"color: #231f59;\">TRANSPORT<br \/>\nUND NACHHALTIGE ENTWICKLUNG<\/span><\/h1>\n<p>[\/vc_column_text][\/vc_column][\/vc_row][vc_row css=&#8220;.vc_custom_1493389323384{margin-top: 40px !important;margin-bottom: 0px !important;}&#8220;][vc_column width=&#8220;1\/2&#8243; css=&#8220;.vc_custom_1493389360275{margin-bottom: 0px !important;}&#8220;][vc_single_image image=&#8220;284&#8243; img_size=&#8220;800&#215;450&#8243; alignment=&#8220;center&#8220; zoom_on_hover=&#8220;yes&#8220; css=&#8220;.vc_custom_1501752580685{margin-bottom: 0px !important;}&#8220;][\/vc_column][vc_column width=&#8220;1\/2&#8243; css=&#8220;.vc_custom_1493389367126{margin-bottom: 0px !important;}&#8220;][vc_column_text]Der kombinierte Transport Schiene-Stra\u00dfe (transport combin\u00e9 rail-route, TCRR) verursacht einen nur sehr geringen Aussto\u00df von CO\u00b2 und Feinstaub und ist auch angesichts der zunehmenden Verwendung von Erdgasfahrzeugen die nachhaltigste und umweltfreundlichste Transportvariante. Die k\u00fcnftige Reglementierung und steuerliche Benachteiligung von Dieselfahrzeugen wird dazu f\u00fchren, dass sie aus den Stadtgebieten mehr und mehr verschwinden werden.<\/p>\n<p><strong>Ziele des intermodalen Transports:<\/strong><\/p>\n<ul>\n<li>Reduzierung der Abgasemissionen im Stra\u00dfenverkehr<\/li>\n<li>Verringerung der L\u00e4rmbelastung<\/li>\n<li>Entlastung des Stra\u00dfenverkehrs und Verbesserung der Verkehrsbedingungen<\/li>\n<li>Geringeres Unfallaufkommen im Stra\u00dfenverkehr<\/li>\n<\/ul>\n<p>[\/vc_column_text][\/vc_column][\/vc_row][vc_row row_fullwidth=&#8220;1&#8243; css=&#8220;.vc_custom_1493389411649{margin-top: 20px !important;background-color: #f39200 !important;}&#8220;][vc_column][vc_row_inner css=&#8220;.vc_custom_1493389384497{margin-top: 0px !important;}&#8220;][vc_column_inner width=&#8220;1\/3&#8243;]<span id=\"ozy_icon_4268\" class=\"ozy-icon  wpb_content_element align-center xxlarge clean icon oic-flaticon1-containers \" style=\";color:#ffffff\" ><\/span>[vc_column_text]<\/p>\n<h3 style=\"text-align: center;\"><span style=\"color: #ffffff;\"><strong>1 CONVOI FLUVIAL<\/strong><\/span><\/h3>\n<p>[\/vc_column_text][\/vc_column_inner][vc_column_inner width=&#8220;1\/3&#8243;]<span id=\"ozy_icon_985\" class=\"ozy-icon  wpb_content_element align-center xxlarge clean icon oic-flaticon2-railroad \" style=\";color:#ffffff\" ><\/span>[vc_column_text]<\/p>\n<h3 style=\"text-align: center;\"><span style=\"color: #ffffff;\"><strong>= 4 TRAINS COMPLETS<\/strong><\/span><\/h3>\n<p>[\/vc_column_text][\/vc_column_inner][vc_column_inner width=&#8220;1\/3&#8243;]<span id=\"ozy_icon_6516\" class=\"ozy-icon  wpb_content_element align-center xxlarge clean icon oic-flaticon1-delivery22 \" style=\";color:#ffffff\" ><\/span>[vc_column_text]<\/p>\n<h3 style=\"text-align: center;\"><span style=\"color: #ffffff;\"><strong>= 220 CAMIONS<\/strong><\/span><\/h3>\n<p>[\/vc_column_text][\/vc_column_inner][\/vc_row_inner][\/vc_column][\/vc_row][vc_row css=&#8220;.vc_custom_1493389588166{margin-top: 70px !important;margin-bottom: 70px !important;}&#8220;][vc_column][vc_column_text]<\/p>\n<h1 style=\"text-align: center;\"><span style=\"color: #231f59;\">MODALIS<br \/>\nUND EINE NACHHALTIGE ENTWICKLUNG<\/span><\/h1>\n<p>[\/vc_column_text][vc_row_inner][vc_column_inner width=&#8220;1\/3&#8243;][vc_single_image image=&#8220;1073&#8243; img_size=&#8220;full&#8220; onclick=&#8220;custom_link&#8220; img_link_target=&#8220;_blank&#8220; link=&#8220;http:\/\/www.modalis.com\/wp-content\/uploads\/2017\/04\/Certificat-ISO-50001-MODALIS.pdf&#8220;][vc_btn title=&#8220;SPEICHERN SIE DAS ZEUGNIS EIN&#8220; style=&#8220;custom&#8220; custom_background=&#8220;#f39200&#8243; custom_text=&#8220;#ffffff&#8220; shape=&#8220;square&#8220; size=&#8220;lg&#8220; align=&#8220;center&#8220; i_type=&#8220;material&#8220; i_icon_material=&#8220;vc-material vc-material-library_books&#8220; button_block=&#8220;true&#8220; add_icon=&#8220;true&#8220; link=&#8220;url:http%3A%2F%2Fwww.modalis.com%2Fwp-content%2Fuploads%2F2017%2F04%2FCertificat-ISO-50001-MODALIS.pdf||target:%20_blank|&#8220;][\/vc_column_inner][vc_column_inner width=&#8220;2\/3&#8243;]<div id=\"tile-with-icon_icon5073\" class=\"title-with-icon-wrapper clear large \" data-color=\"\"><div class=\"wpb_content_element title-with-icon clearfix margin-bottom-0 \"><span  style=\"color:#ffffff !important;background-color:#f39200 !important;\" class=\"oic-check-1 clear large \" ><\/span><h3 style=\"color:#231f59\">Consulting und Herstellung<\/h3><\/div><div class=\"wpb_content_element left-cs title-with-icon-content large clearfix\" style=\"color:#231f59\">Der im Rahmen der Entwicklung intermodaler Transportwege bevorzugten Ausstattungen sowie das Energiemanagement hinsichtlich Transport und Supply Chain.<\/div><\/div><div id=\"tile-with-icon_icon9647\" class=\"title-with-icon-wrapper clear large \" data-color=\"\"><div class=\"wpb_content_element title-with-icon clearfix margin-bottom-0 \"><span  style=\"color:#ffffff !important;background-color:#f39200 !important;\" class=\"oic-check-1 clear large \" ><\/span><h3 style=\"color:#231f59\">Orientierung technologischer Entscheidungen <\/h3><\/div><div class=\"wpb_content_element left-cs title-with-icon-content large clearfix\" style=\"color:#231f59\">Unsere Forschungsziele basieren auf einer noch st\u00e4rkeren Verringerung von sch\u00e4dlichen Umweltauswirkungen. Wir bieten deshalb innovative L\u00f6sungen, die eine Verkehrsverlagerung f\u00f6rdern.<\/div><\/div><div id=\"tile-with-icon_icon7344\" class=\"title-with-icon-wrapper clear large \" data-color=\"\"><div class=\"wpb_content_element title-with-icon clearfix margin-bottom-0 \"><span  style=\"color:#ffffff !important;background-color:#f39200 !important;\" class=\"oic-check-1 clear large \" ><\/span><h3 style=\"color:#231f59\">Optimierung von Abfallmanagement und -recycling<\/h3><\/div><div class=\"wpb_content_element left-cs title-with-icon-content large clearfix\" style=\"color:#231f59\">Wir entwickeln die notwendigen Mittel und Methoden, um die durch unsere Aktivit\u00e4ten hervorgerufenen Abf\u00e4lle bestm\u00f6glich zu trennen und zu recyceln.<\/div><\/div><div id=\"tile-with-icon_icon7257\" class=\"title-with-icon-wrapper clear large \" data-color=\"\"><div class=\"wpb_content_element title-with-icon clearfix \"><span  style=\"color:#ffffff !important;background-color:#f39200 !important;\" class=\"oic-check-1 clear large \" ><\/span><h3 style=\"color:#231f59\">Energiemanagement<\/h3><\/div><\/div>[\/vc_column_inner][\/vc_row_inner][\/vc_column][\/vc_row][vc_row row_fullwidth=&#8220;1&#8243; css=&#8220;.vc_custom_1490950020522{margin-top: 0px !important;margin-right: 0px !important;margin-bottom: 0px !important;margin-left: 0px !important;padding-top: 0px !important;padding-right: 0px !important;padding-bottom: 0px !important;padding-left: 0px !important;}&#8220;][vc_column]<div id=\"owcta-37501\" class=\"ozy-wide-call-to-action\"><div class=\"bar\"><div><i class=\"oic-flaticon5-time\">&nbsp;<\/i><div class=\"part1\"><h5>Ihren Antrag, unseren Dienst<\/br>Anrufen : <span>+33 4 42 65 92 36<\/span><\/h5><\/div><div class=\"part2\"><a href=\"#request-a-rate\" class=\"comp-request-a-rate\"><\/a><\/div><\/div><\/div><div class=\"gradient\"><div><h3>VERMIETUNG - HANDELN<br>& BERATUNGSDIENST<\/h3><h5>Intermodalen Verkehr<\/h5><\/div><\/div><\/div>[\/vc_column][\/vc_row]<\/p>\n","protected":false},"excerpt":{"rendered":"<p>[vc_row][vc_column][rev_slider_vc alias=&#8220;dev-durable-de&#8220;][\/vc_column][\/vc_row][vc_row css=&#8220;.vc_custom_1493383440893{margin-top: 30px !important;}&#8220;][vc_column][vc_column_text] &#8222;Unter nachhaltiger Entwicklung wird eine Entwicklung verstanden, die den Bed\u00fcrfnissen der Gegenwart entspricht, ohne jedoch die F\u00e4higkeit k\u00fcnftiger Generationen zur Befriedigung ihrer Bed\u00fcrfnisse zu gef\u00e4hrden.&#8220; [&hellip;]<\/p>\n","protected":false},"author":1,"featured_media":0,"parent":0,"menu_order":9,"comment_status":"closed","ping_status":"closed","template":"","meta":[],"yoast_head":"<!-- This site is optimized with the Yoast SEO plugin v18.0 - https:\/\/yoast.com\/wordpress\/plugins\/seo\/ -->\n<title>Nachhaltige Entwicklung - MODALIS location mat\u00e9riel transport combin\u00e9<\/title>\n<meta name=\"robots\" content=\"index, follow, max-snippet:-1, max-image-preview:large, max-video-preview:-1\" \/>\n<link rel=\"canonical\" href=\"https:\/\/www.modalis.com\/de\/developpement-durable\/\" \/>\n<meta property=\"og:locale\" content=\"de_DE\" \/>\n<meta property=\"og:type\" content=\"article\" \/>\n<meta property=\"og:title\" content=\"Nachhaltige Entwicklung - MODALIS location mat\u00e9riel transport combin\u00e9\" \/>\n<meta property=\"og:description\" content=\"[vc_row][vc_column][rev_slider_vc alias=&#8220;dev-durable-de&#8220;][\/vc_column][\/vc_row][vc_row css=&#8220;.vc_custom_1493383440893{margin-top: 30px !important;}&#8220;][vc_column][vc_column_text] &#8222;Unter nachhaltiger Entwicklung wird eine Entwicklung verstanden, die den Bed\u00fcrfnissen der Gegenwart entspricht, ohne jedoch die F\u00e4higkeit k\u00fcnftiger Generationen zur Befriedigung ihrer Bed\u00fcrfnisse zu gef\u00e4hrden.&#8220; [&hellip;]\" \/>\n<meta property=\"og:url\" content=\"https:\/\/www.modalis.com\/de\/developpement-durable\/\" \/>\n<meta property=\"og:site_name\" content=\"MODALIS location mat\u00e9riel transport combin\u00e9\" \/>\n<meta property=\"article:modified_time\" content=\"2017-08-03T09:55:10+00:00\" \/>\n<meta name=\"twitter:card\" content=\"summary\" \/>\n<meta name=\"twitter:label1\" content=\"Gesch\u00e4tzte Lesezeit\" \/>\n\t<meta name=\"twitter:data1\" content=\"5\u00a0Minuten\" \/>\n<script type=\"application\/ld+json\" class=\"yoast-schema-graph\">{\"@context\":\"https:\/\/schema.org\",\"@graph\":[{\"@type\":\"WebSite\",\"@id\":\"https:\/\/www.modalis.com\/en\/#website\",\"url\":\"https:\/\/www.modalis.com\/en\/\",\"name\":\"MODALIS location mat\u00e9riel transport combin\u00e9\",\"description\":\"Modalis, intermodal equipment rental\",\"potentialAction\":[{\"@type\":\"SearchAction\",\"target\":{\"@type\":\"EntryPoint\",\"urlTemplate\":\"https:\/\/www.modalis.com\/en\/?s={search_term_string}\"},\"query-input\":\"required name=search_term_string\"}],\"inLanguage\":\"de\"},{\"@type\":\"WebPage\",\"@id\":\"https:\/\/www.modalis.com\/de\/developpement-durable\/#webpage\",\"url\":\"https:\/\/www.modalis.com\/de\/developpement-durable\/\",\"name\":\"Nachhaltige Entwicklung - MODALIS location mat\u00e9riel transport combin\u00e9\",\"isPartOf\":{\"@id\":\"https:\/\/www.modalis.com\/en\/#website\"},\"datePublished\":\"2017-08-03T09:28:12+00:00\",\"dateModified\":\"2017-08-03T09:55:10+00:00\",\"breadcrumb\":{\"@id\":\"https:\/\/www.modalis.com\/de\/developpement-durable\/#breadcrumb\"},\"inLanguage\":\"de\",\"potentialAction\":[{\"@type\":\"ReadAction\",\"target\":[\"https:\/\/www.modalis.com\/de\/developpement-durable\/\"]}]},{\"@type\":\"BreadcrumbList\",\"@id\":\"https:\/\/www.modalis.com\/de\/developpement-durable\/#breadcrumb\",\"itemListElement\":[{\"@type\":\"ListItem\",\"position\":1,\"name\":\"Accueil\",\"item\":\"https:\/\/www.modalis.com\/de\/\"},{\"@type\":\"ListItem\",\"position\":2,\"name\":\"Nachhaltige Entwicklung\"}]}]}<\/script>\n<!-- \/ Yoast SEO plugin. -->","yoast_head_json":{"title":"Nachhaltige Entwicklung - MODALIS location mat\u00e9riel transport combin\u00e9","robots":{"index":"index","follow":"follow","max-snippet":"max-snippet:-1","max-image-preview":"max-image-preview:large","max-video-preview":"max-video-preview:-1"},"canonical":"https:\/\/www.modalis.com\/de\/developpement-durable\/","og_locale":"de_DE","og_type":"article","og_title":"Nachhaltige Entwicklung - MODALIS location mat\u00e9riel transport combin\u00e9","og_description":"[vc_row][vc_column][rev_slider_vc alias=&#8220;dev-durable-de&#8220;][\/vc_column][\/vc_row][vc_row css=&#8220;.vc_custom_1493383440893{margin-top: 30px !important;}&#8220;][vc_column][vc_column_text] &#8222;Unter nachhaltiger Entwicklung wird eine Entwicklung verstanden, die den Bed\u00fcrfnissen der Gegenwart entspricht, ohne jedoch die F\u00e4higkeit k\u00fcnftiger Generationen zur Befriedigung ihrer Bed\u00fcrfnisse zu gef\u00e4hrden.&#8220; [&hellip;]","og_url":"https:\/\/www.modalis.com\/de\/developpement-durable\/","og_site_name":"MODALIS location mat\u00e9riel transport combin\u00e9","article_modified_time":"2017-08-03T09:55:10+00:00","twitter_card":"summary","twitter_misc":{"Gesch\u00e4tzte Lesezeit":"5\u00a0Minuten"},"schema":{"@context":"https:\/\/schema.org","@graph":[{"@type":"WebSite","@id":"https:\/\/www.modalis.com\/en\/#website","url":"https:\/\/www.modalis.com\/en\/","name":"MODALIS location mat\u00e9riel transport combin\u00e9","description":"Modalis, intermodal equipment rental","potentialAction":[{"@type":"SearchAction","target":{"@type":"EntryPoint","urlTemplate":"https:\/\/www.modalis.com\/en\/?s={search_term_string}"},"query-input":"required name=search_term_string"}],"inLanguage":"de"},{"@type":"WebPage","@id":"https:\/\/www.modalis.com\/de\/developpement-durable\/#webpage","url":"https:\/\/www.modalis.com\/de\/developpement-durable\/","name":"Nachhaltige Entwicklung - MODALIS location mat\u00e9riel transport combin\u00e9","isPartOf":{"@id":"https:\/\/www.modalis.com\/en\/#website"},"datePublished":"2017-08-03T09:28:12+00:00","dateModified":"2017-08-03T09:55:10+00:00","breadcrumb":{"@id":"https:\/\/www.modalis.com\/de\/developpement-durable\/#breadcrumb"},"inLanguage":"de","potentialAction":[{"@type":"ReadAction","target":["https:\/\/www.modalis.com\/de\/developpement-durable\/"]}]},{"@type":"BreadcrumbList","@id":"https:\/\/www.modalis.com\/de\/developpement-durable\/#breadcrumb","itemListElement":[{"@type":"ListItem","position":1,"name":"Accueil","item":"https:\/\/www.modalis.com\/de\/"},{"@type":"ListItem","position":2,"name":"Nachhaltige Entwicklung"}]}]}},"_links":{"self":[{"href":"https:\/\/www.modalis.com\/de\/wp-json\/wp\/v2\/pages\/2690"}],"collection":[{"href":"https:\/\/www.modalis.com\/de\/wp-json\/wp\/v2\/pages"}],"about":[{"href":"https:\/\/www.modalis.com\/de\/wp-json\/wp\/v2\/types\/page"}],"author":[{"embeddable":true,"href":"https:\/\/www.modalis.com\/de\/wp-json\/wp\/v2\/users\/1"}],"replies":[{"embeddable":true,"href":"https:\/\/www.modalis.com\/de\/wp-json\/wp\/v2\/comments?post=2690"}],"version-history":[{"count":0,"href":"https:\/\/www.modalis.com\/de\/wp-json\/wp\/v2\/pages\/2690\/revisions"}],"wp:attachment":[{"href":"https:\/\/www.modalis.com\/de\/wp-json\/wp\/v2\/media?parent=2690"}],"curies":[{"name":"wp","href":"https:\/\/api.w.org\/{rel}","templated":true}]}}