{"id":2684,"date":"2017-08-03T10:48:03","date_gmt":"2017-08-03T08:48:03","guid":{"rendered":"http:\/\/www.modalis.com\/?page_id=2684\/"},"modified":"2017-08-03T14:01:54","modified_gmt":"2017-08-03T12:01:54","slug":"vermietung","status":"publish","type":"page","link":"https:\/\/www.modalis.com\/de\/vermietung\/","title":{"rendered":"Vermietung"},"content":{"rendered":"<p>[vc_row css=&#8220;.vc_custom_1493297576617{margin-top: 100px !important;}&#8220;][vc_column][vc_column_text]<\/p>\n<h1 style=\"text-align: center;\"><span style=\"color: #231f59;\">DIE MATERIALVERMIETUNG F\u00dcR DEN INTERMODALVERKEHR, BIETET IHNEN ZAHLREICHE BEWIRTSCHAFTUNGSVORTEILE<\/span><\/h1>\n<p>[\/vc_column_text][\/vc_column][\/vc_row][vc_row css=&#8220;.vc_custom_1493297593121{margin-top: 50px !important;margin-bottom: 70px !important;}&#8220;][vc_column width=&#8220;1\/2&#8243;]<div id=\"tile-with-icon_icon7979\" class=\"title-with-icon-wrapper clear large \" data-color=\"\"><div class=\"wpb_content_element title-with-icon clearfix \"><span  style=\"color:#ffffff !important;background-color:#f39200 !important;\" class=\"oic-check-1 clear large \" ><\/span><h3 style=\"color:#231f59\">Reaktionsf\u00e4higkeit: die M\u00f6glichkeit, erforderliche Ger\u00e4te zur Erschlie\u00dfung neuer M\u00e4rkte rasch bereitzustellen<\/h3><\/div><\/div><div id=\"tile-with-icon_icon1945\" class=\"title-with-icon-wrapper clear large \" data-color=\"\"><div class=\"wpb_content_element title-with-icon clearfix \"><span  style=\"color:#ffffff !important;background-color:#f39200 !important;\" class=\"oic-check-1 clear large \" ><\/span><h3 style=\"color:#231f59\">Flexibilit\u00e4t: Anpassung der Flotte an die bestehenden Erfordernisse<\/h3><\/div><\/div><div id=\"tile-with-icon_icon3423\" class=\"title-with-icon-wrapper clear large \" data-color=\"\"><div class=\"wpb_content_element title-with-icon clearfix \"><span  style=\"color:#ffffff !important;background-color:#f39200 !important;\" class=\"oic-check-1 clear large \" ><\/span><h3 style=\"color:#231f59\">Leistungsst\u00e4rke: \u00fcber das am besten geeignete Material zu verf\u00fcgen<\/h3><\/div><\/div><div id=\"tile-with-icon_icon545\" class=\"title-with-icon-wrapper clear large \" data-color=\"\"><div class=\"wpb_content_element title-with-icon clearfix \"><span  style=\"color:#ffffff !important;background-color:#f39200 !important;\" class=\"oic-check-1 clear large \" ><\/span><h3 style=\"color:#231f59\">Beratung und Begleitung w\u00e4hrend der gesamten Projektdauer<\/h3><\/div><\/div><div id=\"tile-with-icon_icon2932\" class=\"title-with-icon-wrapper clear large \" data-color=\"\"><div class=\"wpb_content_element title-with-icon clearfix \"><span  style=\"color:#ffffff !important;background-color:#f39200 !important;\" class=\"oic-check-1 clear large \" ><\/span><h3 style=\"color:#231f59\">Umlagerung der Logistikkosten auf den Vermietungspartner<\/h3><\/div><\/div>[\/vc_column][vc_column width=&#8220;1\/2&#8243;]<div id=\"tile-with-icon_icon9864\" class=\"title-with-icon-wrapper clear large \" data-color=\"\"><div class=\"wpb_content_element title-with-icon clearfix \"><span  style=\"color:#ffffff !important;background-color:#f39200 !important;\" class=\"oic-check-1 clear large \" ><\/span><h3 style=\"color:#231f59\">Verwendung der Bilanzmittel f\u00fcr produktive Direktinvestitionen<\/h3><\/div><\/div><div id=\"tile-with-icon_icon2973\" class=\"title-with-icon-wrapper clear large \" data-color=\"\"><div class=\"wpb_content_element title-with-icon clearfix \"><span  style=\"color:#ffffff !important;background-color:#f39200 !important;\" class=\"oic-check-1 clear large \" ><\/span><h3 style=\"color:#231f59\">Sicherheitsgarantie<\/h3><\/div><\/div><div id=\"tile-with-icon_icon526\" class=\"title-with-icon-wrapper clear large \" data-color=\"\"><div class=\"wpb_content_element title-with-icon clearfix \"><span  style=\"color:#ffffff !important;background-color:#f39200 !important;\" class=\"oic-check-1 clear large \" ><\/span><h3 style=\"color:#231f59\">M\u00f6glichkeit, die dynamische Lagerung und den Intermodalverkehr ohne erhebliche Investitionen zu testen<\/h3><\/div><\/div><div id=\"tile-with-icon_icon375\" class=\"title-with-icon-wrapper clear large \" data-color=\"\"><div class=\"wpb_content_element title-with-icon clearfix \"><span  style=\"color:#ffffff !important;background-color:#f39200 !important;\" class=\"oic-check-1 clear large \" ><\/span><h3 style=\"color:#231f59\">Erneuerung der Flotte bei Vertragsende, um stets \u00fcber neues Material und damit \u00fcber die neuesten Technologien, Innovationen und Standards zu verf\u00fcgen<\/h3><\/div><\/div>[\/vc_column][\/vc_row][vc_row css=&#8220;.vc_custom_1493297576617{margin-top: 100px !important;}&#8220;][vc_column][vc_column_text]<\/p>\n<h1 style=\"text-align: center;\"><span style=\"color: #231f59;\">ANGEBOTENE ZUSATZLEISTUNGEN, DIE SIE IN ANSPRUCH NEHMEN K\u00d6NNEN<\/span><\/h1>\n<p>[\/vc_column_text][\/vc_column][\/vc_row][vc_row css=&#8220;.vc_custom_1493297585324{margin-top: 50px !important;}&#8220;][vc_column width=&#8220;1\/2&#8243;]<div id=\"tile-with-icon_icon5116\" class=\"title-with-icon-wrapper clear large \" data-color=\"\"><div class=\"wpb_content_element title-with-icon clearfix \"><span  style=\"color:#ffffff !important;background-color:#f39200 !important;\" class=\"oic-check-1 clear large \" ><\/span><h3 style=\"color:#231f59\">Gestaltung der Flotte mit ihrem Kundenlogo<\/h3><\/div><\/div><div id=\"tile-with-icon_icon5547\" class=\"title-with-icon-wrapper clear large \" data-color=\"\"><div class=\"wpb_content_element title-with-icon clearfix \"><span  style=\"color:#ffffff !important;background-color:#f39200 !important;\" class=\"oic-check-1 clear large \" ><\/span><h3 style=\"color:#231f59\">Lieferung des Materials vor Ort<\/h3><\/div><\/div><div id=\"tile-with-icon_icon6919\" class=\"title-with-icon-wrapper clear large \" data-color=\"\"><div class=\"wpb_content_element title-with-icon clearfix \"><span  style=\"color:#ffffff !important;background-color:#f39200 !important;\" class=\"oic-check-1 clear large \" ><\/span><h3 style=\"color:#231f59\">Schadensversicherung<\/h3><\/div><\/div><div id=\"tile-with-icon_icon1730\" class=\"title-with-icon-wrapper clear large \" data-color=\"\"><div class=\"wpb_content_element title-with-icon clearfix \"><span  style=\"color:#ffffff !important;background-color:#f39200 !important;\" class=\"oic-check-1 clear large \" ><\/span><h3 style=\"color:#231f59\">Geolokalisierung<\/h3><\/div><\/div>[\/vc_column][vc_column width=&#8220;1\/2&#8243;]<div id=\"tile-with-icon_icon2391\" class=\"title-with-icon-wrapper clear large \" data-color=\"\"><div class=\"wpb_content_element title-with-icon clearfix \"><span  style=\"color:#ffffff !important;background-color:#f39200 !important;\" class=\"oic-check-1 clear large \" ><\/span><h3 style=\"color:#231f59\">Lieferung von Ersatzteilen<\/h3><\/div><\/div><div id=\"tile-with-icon_icon243\" class=\"title-with-icon-wrapper clear large \" data-color=\"\"><div class=\"wpb_content_element title-with-icon clearfix \"><span  style=\"color:#ffffff !important;background-color:#f39200 !important;\" class=\"oic-check-1 clear large \" ><\/span><h3 style=\"color:#231f59\">Begutachtung und Bewertung der Flotte<\/h3><\/div><\/div><div id=\"tile-with-icon_icon2951\" class=\"title-with-icon-wrapper clear large \" data-color=\"\"><div class=\"wpb_content_element title-with-icon clearfix \"><span  style=\"color:#ffffff !important;background-color:#f39200 !important;\" class=\"oic-check-1 clear large \" ><\/span><h3 style=\"color:#231f59\">R\u00fccknahme der Flotte (siehe ``An- und Verkauf``)<\/h3><\/div><\/div>[\/vc_column][\/vc_row][vc_row css=&#8220;.vc_custom_1493297561530{margin-top: 100px !important;}&#8220;][vc_column][vc_column_text]<\/p>\n<h1 style=\"text-align: center;\"><span style=\"color: #231f59;\">EIN TEAM VON SPEZIALISTEN<\/span><\/h1>\n<p>[\/vc_column_text][\/vc_column][\/vc_row][vc_row css=&#8220;.vc_custom_1493297568204{margin-top: 50px !important;margin-bottom: 70px !important;}&#8220;][vc_column width=&#8220;1\/2&#8243;][vc_column_text]Unsere auf allgemeine G\u00fcter, Petrochemie, Lebensmittelindustrie und Gefahrengut spezialisierten Techniker bieten Ihnen ma\u00dfgeschneidertes Material, dass Ihren Anforderungen entspricht.<\/p>\n<p>Je st\u00e4rker Sie MODALIS in Ihre Strategie einbinden, desto mehr Vorteile haben Sie.[\/vc_column_text][\/vc_column][vc_column width=&#8220;1\/2&#8243;][vc_single_image image=&#8220;986&#8243; img_size=&#8220;full&#8220;][\/vc_column][\/vc_row][vc_row row_fullwidth=&#8220;1&#8243; css=&#8220;.vc_custom_1490950020522{margin-top: 0px !important;margin-right: 0px !important;margin-bottom: 0px !important;margin-left: 0px !important;padding-top: 0px !important;padding-right: 0px !important;padding-bottom: 0px !important;padding-left: 0px !important;}&#8220;][vc_column]<div id=\"owcta-53685\" class=\"ozy-wide-call-to-action\"><div class=\"bar\"><div><i class=\"oic-flaticon5-time\">&nbsp;<\/i><div class=\"part1\"><h5>Ihren Antrag, unseren Dienst<\/br>Anrufen : <span>+33 4 42 65 92 36<\/span><\/h5><\/div><div class=\"part2\"><a href=\"#request-a-rate\" class=\"comp-request-a-rate\"><\/a><\/div><\/div><\/div><div class=\"gradient\"><div><h3>VERMIETUNG - HANDELN<br>& BERATUNGSDIENST<\/h3><h5>Intermodalen Verkehr<\/h5><\/div><\/div><\/div>[\/vc_column][\/vc_row]<\/p>\n","protected":false},"excerpt":{"rendered":"<p>[vc_row css=&#8220;.vc_custom_1493297576617{margin-top: 100px !important;}&#8220;][vc_column][vc_column_text] DIE MATERIALVERMIETUNG F\u00dcR DEN INTERMODALVERKEHR, BIETET IHNEN ZAHLREICHE BEWIRTSCHAFTUNGSVORTEILE [\/vc_column_text][\/vc_column][\/vc_row][vc_row css=&#8220;.vc_custom_1493297593121{margin-top: 50px !important;margin-bottom: 70px !important;}&#8220;][vc_column width=&#8220;1\/2&#8243;][\/vc_column][vc_column width=&#8220;1\/2&#8243;][\/vc_column][\/vc_row][vc_row css=&#8220;.vc_custom_1493297576617{margin-top: 100px !important;}&#8220;][vc_column][vc_column_text] ANGEBOTENE ZUSATZLEISTUNGEN, DIE SIE IN ANSPRUCH [&hellip;]<\/p>\n","protected":false},"author":1,"featured_media":0,"parent":0,"menu_order":0,"comment_status":"closed","ping_status":"closed","template":"","meta":[],"yoast_head":"<!-- This site is optimized with the Yoast SEO plugin v18.0 - https:\/\/yoast.com\/wordpress\/plugins\/seo\/ -->\n<title>Vermietung - MODALIS location mat\u00e9riel transport combin\u00e9<\/title>\n<meta name=\"robots\" content=\"index, follow, max-snippet:-1, max-image-preview:large, max-video-preview:-1\" \/>\n<link rel=\"canonical\" href=\"https:\/\/www.modalis.com\/de\/vermietung\/\" \/>\n<meta property=\"og:locale\" content=\"de_DE\" \/>\n<meta property=\"og:type\" content=\"article\" \/>\n<meta property=\"og:title\" content=\"Vermietung - MODALIS location mat\u00e9riel transport combin\u00e9\" \/>\n<meta property=\"og:description\" content=\"[vc_row css=&#8220;.vc_custom_1493297576617{margin-top: 100px !important;}&#8220;][vc_column][vc_column_text] DIE MATERIALVERMIETUNG F\u00dcR DEN INTERMODALVERKEHR, BIETET IHNEN ZAHLREICHE BEWIRTSCHAFTUNGSVORTEILE [\/vc_column_text][\/vc_column][\/vc_row][vc_row css=&#8220;.vc_custom_1493297593121{margin-top: 50px !important;margin-bottom: 70px !important;}&#8220;][vc_column width=&#8220;1\/2&#8243;][\/vc_column][vc_column width=&#8220;1\/2&#8243;][\/vc_column][\/vc_row][vc_row css=&#8220;.vc_custom_1493297576617{margin-top: 100px !important;}&#8220;][vc_column][vc_column_text] ANGEBOTENE ZUSATZLEISTUNGEN, DIE SIE IN ANSPRUCH [&hellip;]\" \/>\n<meta property=\"og:url\" content=\"https:\/\/www.modalis.com\/de\/vermietung\/\" \/>\n<meta property=\"og:site_name\" content=\"MODALIS location mat\u00e9riel transport combin\u00e9\" \/>\n<meta property=\"article:modified_time\" content=\"2017-08-03T12:01:54+00:00\" \/>\n<meta name=\"twitter:card\" content=\"summary\" \/>\n<meta name=\"twitter:label1\" content=\"Gesch\u00e4tzte Lesezeit\" \/>\n\t<meta name=\"twitter:data1\" content=\"4\u00a0Minuten\" \/>\n<script type=\"application\/ld+json\" class=\"yoast-schema-graph\">{\"@context\":\"https:\/\/schema.org\",\"@graph\":[{\"@type\":\"WebSite\",\"@id\":\"https:\/\/www.modalis.com\/en\/#website\",\"url\":\"https:\/\/www.modalis.com\/en\/\",\"name\":\"MODALIS location mat\u00e9riel transport combin\u00e9\",\"description\":\"Modalis, intermodal equipment rental\",\"potentialAction\":[{\"@type\":\"SearchAction\",\"target\":{\"@type\":\"EntryPoint\",\"urlTemplate\":\"https:\/\/www.modalis.com\/en\/?s={search_term_string}\"},\"query-input\":\"required name=search_term_string\"}],\"inLanguage\":\"de\"},{\"@type\":\"WebPage\",\"@id\":\"https:\/\/www.modalis.com\/de\/vermietung\/#webpage\",\"url\":\"https:\/\/www.modalis.com\/de\/vermietung\/\",\"name\":\"Vermietung - MODALIS location mat\u00e9riel transport combin\u00e9\",\"isPartOf\":{\"@id\":\"https:\/\/www.modalis.com\/en\/#website\"},\"datePublished\":\"2017-08-03T08:48:03+00:00\",\"dateModified\":\"2017-08-03T12:01:54+00:00\",\"breadcrumb\":{\"@id\":\"https:\/\/www.modalis.com\/de\/vermietung\/#breadcrumb\"},\"inLanguage\":\"de\",\"potentialAction\":[{\"@type\":\"ReadAction\",\"target\":[\"https:\/\/www.modalis.com\/de\/vermietung\/\"]}]},{\"@type\":\"BreadcrumbList\",\"@id\":\"https:\/\/www.modalis.com\/de\/vermietung\/#breadcrumb\",\"itemListElement\":[{\"@type\":\"ListItem\",\"position\":1,\"name\":\"Accueil\",\"item\":\"https:\/\/www.modalis.com\/de\/\"},{\"@type\":\"ListItem\",\"position\":2,\"name\":\"Vermietung\"}]}]}<\/script>\n<!-- \/ Yoast SEO plugin. -->","yoast_head_json":{"title":"Vermietung - MODALIS location mat\u00e9riel transport combin\u00e9","robots":{"index":"index","follow":"follow","max-snippet":"max-snippet:-1","max-image-preview":"max-image-preview:large","max-video-preview":"max-video-preview:-1"},"canonical":"https:\/\/www.modalis.com\/de\/vermietung\/","og_locale":"de_DE","og_type":"article","og_title":"Vermietung - MODALIS location mat\u00e9riel transport combin\u00e9","og_description":"[vc_row css=&#8220;.vc_custom_1493297576617{margin-top: 100px !important;}&#8220;][vc_column][vc_column_text] DIE MATERIALVERMIETUNG F\u00dcR DEN INTERMODALVERKEHR, BIETET IHNEN ZAHLREICHE BEWIRTSCHAFTUNGSVORTEILE [\/vc_column_text][\/vc_column][\/vc_row][vc_row css=&#8220;.vc_custom_1493297593121{margin-top: 50px !important;margin-bottom: 70px !important;}&#8220;][vc_column width=&#8220;1\/2&#8243;][\/vc_column][vc_column width=&#8220;1\/2&#8243;][\/vc_column][\/vc_row][vc_row css=&#8220;.vc_custom_1493297576617{margin-top: 100px !important;}&#8220;][vc_column][vc_column_text] ANGEBOTENE ZUSATZLEISTUNGEN, DIE SIE IN ANSPRUCH [&hellip;]","og_url":"https:\/\/www.modalis.com\/de\/vermietung\/","og_site_name":"MODALIS location mat\u00e9riel transport combin\u00e9","article_modified_time":"2017-08-03T12:01:54+00:00","twitter_card":"summary","twitter_misc":{"Gesch\u00e4tzte Lesezeit":"4\u00a0Minuten"},"schema":{"@context":"https:\/\/schema.org","@graph":[{"@type":"WebSite","@id":"https:\/\/www.modalis.com\/en\/#website","url":"https:\/\/www.modalis.com\/en\/","name":"MODALIS location mat\u00e9riel transport combin\u00e9","description":"Modalis, intermodal equipment rental","potentialAction":[{"@type":"SearchAction","target":{"@type":"EntryPoint","urlTemplate":"https:\/\/www.modalis.com\/en\/?s={search_term_string}"},"query-input":"required name=search_term_string"}],"inLanguage":"de"},{"@type":"WebPage","@id":"https:\/\/www.modalis.com\/de\/vermietung\/#webpage","url":"https:\/\/www.modalis.com\/de\/vermietung\/","name":"Vermietung - MODALIS location mat\u00e9riel transport combin\u00e9","isPartOf":{"@id":"https:\/\/www.modalis.com\/en\/#website"},"datePublished":"2017-08-03T08:48:03+00:00","dateModified":"2017-08-03T12:01:54+00:00","breadcrumb":{"@id":"https:\/\/www.modalis.com\/de\/vermietung\/#breadcrumb"},"inLanguage":"de","potentialAction":[{"@type":"ReadAction","target":["https:\/\/www.modalis.com\/de\/vermietung\/"]}]},{"@type":"BreadcrumbList","@id":"https:\/\/www.modalis.com\/de\/vermietung\/#breadcrumb","itemListElement":[{"@type":"ListItem","position":1,"name":"Accueil","item":"https:\/\/www.modalis.com\/de\/"},{"@type":"ListItem","position":2,"name":"Vermietung"}]}]}},"_links":{"self":[{"href":"https:\/\/www.modalis.com\/de\/wp-json\/wp\/v2\/pages\/2684"}],"collection":[{"href":"https:\/\/www.modalis.com\/de\/wp-json\/wp\/v2\/pages"}],"about":[{"href":"https:\/\/www.modalis.com\/de\/wp-json\/wp\/v2\/types\/page"}],"author":[{"embeddable":true,"href":"https:\/\/www.modalis.com\/de\/wp-json\/wp\/v2\/users\/1"}],"replies":[{"embeddable":true,"href":"https:\/\/www.modalis.com\/de\/wp-json\/wp\/v2\/comments?post=2684"}],"version-history":[{"count":0,"href":"https:\/\/www.modalis.com\/de\/wp-json\/wp\/v2\/pages\/2684\/revisions"}],"wp:attachment":[{"href":"https:\/\/www.modalis.com\/de\/wp-json\/wp\/v2\/media?parent=2684"}],"curies":[{"name":"wp","href":"https:\/\/api.w.org\/{rel}","templated":true}]}}