{"id":2673,"date":"2017-08-03T10:30:37","date_gmt":"2017-08-03T08:30:37","guid":{"rendered":"http:\/\/www.modalis.com\/?page_id=2673\/"},"modified":"2017-09-26T09:17:09","modified_gmt":"2017-09-26T07:17:09","slug":"handeln","status":"publish","type":"page","link":"https:\/\/www.modalis.com\/de\/handeln\/","title":{"rendered":"Handeln"},"content":{"rendered":"<p>[vc_row css=&#8220;.vc_custom_1491394988978{margin-top: 70px !important;}&#8220;][vc_column][vc_column_text]<\/p>\n<h1 style=\"text-align: center;\"><span style=\"color: #f39200;\">UNSRE MARKTKENNTNISSE UND UNSER NETZWERK ERLAUBT UNS, IHNEN EINE KOMPLETTE SERVICEPALETTE F\u00dcR DEN AN- UND VERKAUF VON INTERMODALEM MATERIAL ODER ZUSATZAUSSTATTUNGEN, NEU ODER GEBRAUCHT, ANZUBIETEN<\/span><\/h1>\n<p>[\/vc_column_text][\/vc_column][\/vc_row][vc_row row_fullwidth=&#8220;1&#8243; css=&#8220;.vc_custom_1493133476223{margin-top: 100px !important;}&#8220;][vc_column width=&#8220;1\/2&#8243;]<div class=\"ozy-anything-wrapper\" style=\"display:inline-block;width:100%;padding:30px 100px 30px 150px\"><h1 class=\"ozy-divider-cap-left wpb_content_element\">Verkauf von neuem Material<\/h1><div class=\"ozy-content-divider \" style=\"border-top-style:solid;border-top-width:2px;border-top-color:#231f59;width:60px;max-width:60px;float:left;\"><\/div>[vc_column_text css=&#8220;.vc_custom_1501748939452{padding-top: 20px !important;}&#8220;]MODALIS bietet hochwertiges, schl\u00fcsselfertiges Material, um den Kunden von seiner Expertise profitieren zu lassen. Der Kauf kann folgende Leistungen umfassen:<\/p>\n<ul>\n<li>\u00a0Definition des Materials<\/li>\n<li>\u00a0Produktions\u00fcberwachung<\/li>\n<li>\u00a0Zulassung<\/li>\n<li>\u00a0Gestaltung nach Kundenlogo<\/li>\n<li>\u00a0Materialabnahme<\/li>\n<li>\u00a0Lieferung an den vom Kunden gew\u00fcnschten Ort<\/li>\n<li>Erstellung s\u00e4mtlicher technischer Unterlagen inkl. Pl\u00e4ne, Zulassungen, Inspektionsbescheinigungen, Bilder, Materialzertifikate, Nomenklatur, Benutzerhandbuch usw.<\/li>\n<\/ul>\n<p>[\/vc_column_text]<\/div>[\/vc_column][vc_column width=&#8220;1\/2&#8243;][vc_single_image image=&#8220;2161&#8243; img_size=&#8220;full&#8220; alignment=&#8220;center&#8220; zoom_on_hover=&#8220;yes&#8220;][\/vc_column][\/vc_row][vc_row row_fullwidth=&#8220;1&#8243;][vc_column width=&#8220;1\/2&#8243;][vc_single_image image=&#8220;903&#8243; img_size=&#8220;full&#8220; alignment=&#8220;center&#8220; zoom_on_hover=&#8220;yes&#8220;][\/vc_column][vc_column width=&#8220;1\/2&#8243;]<div class=\"ozy-anything-wrapper\" style=\"display:inline-block;width:100%;padding:30px 100px 30px 150px\"><h1 class=\"ozy-divider-cap-left wpb_content_element\">Verkauf von gebrauchtem Material<\/h1><div class=\"ozy-content-divider \" style=\"border-top-style:solid;border-top-width:2px;border-top-color:#231f59;width:60px;max-width:60px;float:left;\"><\/div>[vc_column_text css=&#8220;.vc_custom_1501748974631{padding-top: 20px !important;}&#8220;]Wir bieten sorgf\u00e4ltig ausgew\u00e4hltes, gebrauchtes Material. In diesem Fall ist die Expertise von MODALIS zur Evaluierung des Zustands und der Charakteristika des Materials vorrangig.<\/p>\n<p>Das Material wird wie besehen oder saniert verkauft. Die Sanierung erfolgt gem\u00e4\u00df Ihrem Pflichtenheft in unserem Vertriebsnetz.[\/vc_column_text]<\/div>[\/vc_column][\/vc_row][vc_row row_fullwidth=&#8220;1&#8243; css=&#8220;.vc_custom_1493299451516{margin-bottom: 70px !important;}&#8220;][vc_column width=&#8220;1\/2&#8243;]<div class=\"ozy-anything-wrapper\" style=\"display:inline-block;width:100%;padding:30px 100px 30px 150px\"><h1 class=\"ozy-divider-cap-left wpb_content_element\">R\u00fccknahme der Flotte<\/h1><div class=\"ozy-content-divider \" style=\"border-top-style:solid;border-top-width:2px;border-top-color:#231f59;width:60px;max-width:60px;float:left;\"><\/div>[vc_column_text css=&#8220;.vc_custom_1501749031591{padding-top: 20px !important;}&#8220;]Wenn Sie Material zu verkaufen haben, kann MODALIS dieses zur\u00fcckkaufen. Nach Begutachtung (technische Spezifit\u00e4ten, Zustand, Lokalisierung, Anzahl der betroffenen Einheiten) unterbreiten wir Ihnen ein Angebot f\u00fcr die R\u00fccknahme Ihres Materials.<\/p>\n<ul>\n<li>Reinkauf<\/li>\n<li>Ankauf mit Lease-Back-Vertrag oder Ersatz durch neues, besser auf Ihre Anforderungen abgestimmtes Material.<\/li>\n<li>Ankauf Ihres alten Materials welches durch neues Material von MODALIS ersetzt wurde.<\/li>\n<\/ul>\n<p>[\/vc_column_text]<\/div>[\/vc_column][vc_column width=&#8220;1\/2&#8243;][vc_single_image image=&#8220;2165&#8243; img_size=&#8220;full&#8220; alignment=&#8220;center&#8220; zoom_on_hover=&#8220;yes&#8220;][\/vc_column][\/vc_row][vc_row row_fullwidth=&#8220;1&#8243; css=&#8220;.vc_custom_1490950020522{margin-top: 0px !important;margin-right: 0px !important;margin-bottom: 0px !important;margin-left: 0px !important;padding-top: 0px !important;padding-right: 0px !important;padding-bottom: 0px !important;padding-left: 0px !important;}&#8220;][vc_column]<div id=\"owcta-70592\" class=\"ozy-wide-call-to-action\"><div class=\"bar\"><div><i class=\"oic-flaticon5-time\">&nbsp;<\/i><div class=\"part1\"><h5>Ihren Antrag, unseren Dienst<\/br>Anrufen : <span>+33 4 42 65 92 36<\/span><\/h5><\/div><div class=\"part2\"><a href=\"#request-a-rate\" class=\"comp-request-a-rate\"><\/a><\/div><\/div><\/div><div class=\"gradient\"><div><h3>VERMIETUNG - HANDELN<br>& BERATUNGSDIENST<\/h3><h5>Intermodalen Verkehr<\/h5><\/div><\/div><\/div>[\/vc_column][\/vc_row]<\/p>\n","protected":false},"excerpt":{"rendered":"<p>[vc_row css=&#8220;.vc_custom_1491394988978{margin-top: 70px !important;}&#8220;][vc_column][vc_column_text] UNSRE MARKTKENNTNISSE UND UNSER NETZWERK ERLAUBT UNS, IHNEN EINE KOMPLETTE SERVICEPALETTE F\u00dcR DEN AN- UND VERKAUF VON INTERMODALEM MATERIAL ODER ZUSATZAUSSTATTUNGEN, NEU ODER GEBRAUCHT, ANZUBIETEN [\/vc_column_text][\/vc_column][\/vc_row][vc_row [&hellip;]<\/p>\n","protected":false},"author":1,"featured_media":0,"parent":0,"menu_order":0,"comment_status":"closed","ping_status":"closed","template":"","meta":[],"yoast_head":"<!-- This site is optimized with the Yoast SEO plugin v18.0 - https:\/\/yoast.com\/wordpress\/plugins\/seo\/ -->\n<title>Handeln - MODALIS location mat\u00e9riel transport combin\u00e9<\/title>\n<meta name=\"robots\" content=\"index, follow, max-snippet:-1, max-image-preview:large, max-video-preview:-1\" \/>\n<link rel=\"canonical\" href=\"https:\/\/www.modalis.com\/de\/handeln\/\" \/>\n<meta property=\"og:locale\" content=\"de_DE\" \/>\n<meta property=\"og:type\" content=\"article\" \/>\n<meta property=\"og:title\" content=\"Handeln - MODALIS location mat\u00e9riel transport combin\u00e9\" \/>\n<meta property=\"og:description\" content=\"[vc_row css=&#8220;.vc_custom_1491394988978{margin-top: 70px !important;}&#8220;][vc_column][vc_column_text] UNSRE MARKTKENNTNISSE UND UNSER NETZWERK ERLAUBT UNS, IHNEN EINE KOMPLETTE SERVICEPALETTE F\u00dcR DEN AN- UND VERKAUF VON INTERMODALEM MATERIAL ODER ZUSATZAUSSTATTUNGEN, NEU ODER GEBRAUCHT, ANZUBIETEN [\/vc_column_text][\/vc_column][\/vc_row][vc_row [&hellip;]\" \/>\n<meta property=\"og:url\" content=\"https:\/\/www.modalis.com\/de\/handeln\/\" \/>\n<meta property=\"og:site_name\" content=\"MODALIS location mat\u00e9riel transport combin\u00e9\" \/>\n<meta property=\"article:modified_time\" content=\"2017-09-26T07:17:09+00:00\" \/>\n<meta name=\"twitter:card\" content=\"summary\" \/>\n<meta name=\"twitter:label1\" content=\"Gesch\u00e4tzte Lesezeit\" \/>\n\t<meta name=\"twitter:data1\" content=\"3\u00a0Minuten\" \/>\n<script type=\"application\/ld+json\" class=\"yoast-schema-graph\">{\"@context\":\"https:\/\/schema.org\",\"@graph\":[{\"@type\":\"WebSite\",\"@id\":\"https:\/\/www.modalis.com\/en\/#website\",\"url\":\"https:\/\/www.modalis.com\/en\/\",\"name\":\"MODALIS location mat\u00e9riel transport combin\u00e9\",\"description\":\"Modalis, intermodal equipment rental\",\"potentialAction\":[{\"@type\":\"SearchAction\",\"target\":{\"@type\":\"EntryPoint\",\"urlTemplate\":\"https:\/\/www.modalis.com\/en\/?s={search_term_string}\"},\"query-input\":\"required name=search_term_string\"}],\"inLanguage\":\"de\"},{\"@type\":\"WebPage\",\"@id\":\"https:\/\/www.modalis.com\/de\/handeln\/#webpage\",\"url\":\"https:\/\/www.modalis.com\/de\/handeln\/\",\"name\":\"Handeln - MODALIS location mat\u00e9riel transport combin\u00e9\",\"isPartOf\":{\"@id\":\"https:\/\/www.modalis.com\/en\/#website\"},\"datePublished\":\"2017-08-03T08:30:37+00:00\",\"dateModified\":\"2017-09-26T07:17:09+00:00\",\"breadcrumb\":{\"@id\":\"https:\/\/www.modalis.com\/de\/handeln\/#breadcrumb\"},\"inLanguage\":\"de\",\"potentialAction\":[{\"@type\":\"ReadAction\",\"target\":[\"https:\/\/www.modalis.com\/de\/handeln\/\"]}]},{\"@type\":\"BreadcrumbList\",\"@id\":\"https:\/\/www.modalis.com\/de\/handeln\/#breadcrumb\",\"itemListElement\":[{\"@type\":\"ListItem\",\"position\":1,\"name\":\"Accueil\",\"item\":\"https:\/\/www.modalis.com\/de\/\"},{\"@type\":\"ListItem\",\"position\":2,\"name\":\"Handeln\"}]}]}<\/script>\n<!-- \/ Yoast SEO plugin. -->","yoast_head_json":{"title":"Handeln - MODALIS location mat\u00e9riel transport combin\u00e9","robots":{"index":"index","follow":"follow","max-snippet":"max-snippet:-1","max-image-preview":"max-image-preview:large","max-video-preview":"max-video-preview:-1"},"canonical":"https:\/\/www.modalis.com\/de\/handeln\/","og_locale":"de_DE","og_type":"article","og_title":"Handeln - MODALIS location mat\u00e9riel transport combin\u00e9","og_description":"[vc_row css=&#8220;.vc_custom_1491394988978{margin-top: 70px !important;}&#8220;][vc_column][vc_column_text] UNSRE MARKTKENNTNISSE UND UNSER NETZWERK ERLAUBT UNS, IHNEN EINE KOMPLETTE SERVICEPALETTE F\u00dcR DEN AN- UND VERKAUF VON INTERMODALEM MATERIAL ODER ZUSATZAUSSTATTUNGEN, NEU ODER GEBRAUCHT, ANZUBIETEN [\/vc_column_text][\/vc_column][\/vc_row][vc_row [&hellip;]","og_url":"https:\/\/www.modalis.com\/de\/handeln\/","og_site_name":"MODALIS location mat\u00e9riel transport combin\u00e9","article_modified_time":"2017-09-26T07:17:09+00:00","twitter_card":"summary","twitter_misc":{"Gesch\u00e4tzte Lesezeit":"3\u00a0Minuten"},"schema":{"@context":"https:\/\/schema.org","@graph":[{"@type":"WebSite","@id":"https:\/\/www.modalis.com\/en\/#website","url":"https:\/\/www.modalis.com\/en\/","name":"MODALIS location mat\u00e9riel transport combin\u00e9","description":"Modalis, intermodal equipment rental","potentialAction":[{"@type":"SearchAction","target":{"@type":"EntryPoint","urlTemplate":"https:\/\/www.modalis.com\/en\/?s={search_term_string}"},"query-input":"required name=search_term_string"}],"inLanguage":"de"},{"@type":"WebPage","@id":"https:\/\/www.modalis.com\/de\/handeln\/#webpage","url":"https:\/\/www.modalis.com\/de\/handeln\/","name":"Handeln - MODALIS location mat\u00e9riel transport combin\u00e9","isPartOf":{"@id":"https:\/\/www.modalis.com\/en\/#website"},"datePublished":"2017-08-03T08:30:37+00:00","dateModified":"2017-09-26T07:17:09+00:00","breadcrumb":{"@id":"https:\/\/www.modalis.com\/de\/handeln\/#breadcrumb"},"inLanguage":"de","potentialAction":[{"@type":"ReadAction","target":["https:\/\/www.modalis.com\/de\/handeln\/"]}]},{"@type":"BreadcrumbList","@id":"https:\/\/www.modalis.com\/de\/handeln\/#breadcrumb","itemListElement":[{"@type":"ListItem","position":1,"name":"Accueil","item":"https:\/\/www.modalis.com\/de\/"},{"@type":"ListItem","position":2,"name":"Handeln"}]}]}},"_links":{"self":[{"href":"https:\/\/www.modalis.com\/de\/wp-json\/wp\/v2\/pages\/2673"}],"collection":[{"href":"https:\/\/www.modalis.com\/de\/wp-json\/wp\/v2\/pages"}],"about":[{"href":"https:\/\/www.modalis.com\/de\/wp-json\/wp\/v2\/types\/page"}],"author":[{"embeddable":true,"href":"https:\/\/www.modalis.com\/de\/wp-json\/wp\/v2\/users\/1"}],"replies":[{"embeddable":true,"href":"https:\/\/www.modalis.com\/de\/wp-json\/wp\/v2\/comments?post=2673"}],"version-history":[{"count":0,"href":"https:\/\/www.modalis.com\/de\/wp-json\/wp\/v2\/pages\/2673\/revisions"}],"wp:attachment":[{"href":"https:\/\/www.modalis.com\/de\/wp-json\/wp\/v2\/media?parent=2673"}],"curies":[{"name":"wp","href":"https:\/\/api.w.org\/{rel}","templated":true}]}}