{"id":1833,"date":"2017-07-06T12:35:45","date_gmt":"2017-07-06T10:35:45","guid":{"rendered":"http:\/\/www.modalis.com\/?page_id=1833\/"},"modified":"2017-08-02T18:01:52","modified_gmt":"2017-08-02T16:01:52","slug":"schreiben-des-vorsitzenden","status":"publish","type":"page","link":"https:\/\/www.modalis.com\/de\/schreiben-des-vorsitzenden\/","title":{"rendered":"Schreiben des Vorsitzenden"},"content":{"rendered":"<p>[vc_row bg_parallax=&#8220;off&#8220; css=&#8220;.vc_custom_1492521487653{margin-top: 70px !important;}&#8220;][vc_column][vc_column_text]<\/p>\n<h1><span style=\"color: #231f59;\">SCHREIBEN DES VORSITZENDEN<\/span><\/h1>\n<p>[\/vc_column_text][\/vc_column][\/vc_row][vc_row content_placement=&#8220;bottom&#8220; css=&#8220;.vc_custom_1501683887755{margin-top: 0px !important;margin-right: 0px !important;margin-bottom: 0px !important;margin-left: 0px !important;border-top-width: 0px !important;border-right-width: 0px !important;border-bottom-width: 0px !important;border-left-width: 0px !important;padding-top: 0px !important;padding-right: 0px !important;padding-bottom: 0px !important;padding-left: 0px !important;}&#8220;][vc_column width=&#8220;1\/2&#8243; css=&#8220;.vc_custom_1493305850782{margin-top: 0px !important;margin-right: 0px !important;margin-bottom: 0px !important;margin-left: 0px !important;border-top-width: 0px !important;border-right-width: 0px !important;border-bottom-width: 0px !important;border-left-width: 0px !important;padding-top: 0px !important;padding-right: 0px !important;padding-bottom: 0px !important;padding-left: 0px !important;}&#8220;][vc_column_text]Das <span style=\"color: #f39200;\">2002 gegr\u00fcndete<\/span> Unternehmen MODALIS ist ein anerkannter Marktf\u00fchrer im Bereich Vermietung und Consulting f\u00fcr Intermodalverkehr, Verkehrsverlagerung und mobile Lagersysteme.<\/p>\n<p>Innovation ist und bleibt das Herzst\u00fcck unseres Leistungskonzepts. Dabei steht eine nachhaltige Entwicklung f\u00fcr unsere Kunden im Vordergrund, so dass diese im Bereich Transport und Logistik ihren Bedarf effizient decken k\u00f6nnen.<\/p>\n<p>Als Aktiengesellschaft in Familienbesitz konnte MODALIS Innovation und Entwicklung in den Mittelpunkt ihrer Aktivit\u00e4t stellen und sich auf dem franz\u00f6sischen, europ\u00e4ischen sowie internationalen Markt etablieren. Und das mit einem gro\u00dfen Potential an Wettbewerbsf\u00e4higkeit.<\/p>\n<p>MODALIS versteht sich als engagierter Akteur, der schnell auf Marktentwicklungen reagieren kann und sich in professionellen Arbeitsgruppierungen engagiert, um seinen T\u00e4tigkeitsbereich und die betreffene Gesetzgebung weiterzuentwickeln.<\/p>\n<p>Reaktivit\u00e4t, Begleitung und Kundenn\u00e4he bilden die Grundlagen unserer T\u00e4tigkeit: Unser Ziel ist es, eine effiziente, ma\u00dfgeschneiderte und wirtschaftlich tragf\u00e4hige L\u00f6sung f\u00fcr jedes einzelne Projekt zu finden. MODALIS steht f\u00fcr <span style=\"color: #f39200;\">Innovation, Entwicklung und Investition<\/span>, wie unser Logo betont.<\/p>\n<p>Ich m\u00f6chte an dieser Stelle all unseren Partnern, Kunden, Zulieferunternehmen f\u00fcr das Vertrauen, das sie MODALIS entgegenbringen, danken. Mein Dank und mein Vertrauen gelten im Besonderen auch all den Mitarbeitern von MODALIS, ohne die unsere Existenz nicht m\u00f6glich w\u00e4re.<\/p>\n<p>Ich hoffe, dass unsere neue Website auf ihre Fragen einzugehen vermag, Ihnen Einblick in unsere Funktionsweisen bietet und Ihnen ein Verst\u00e4ndnis der Grundwerte unseres Unternehmens gibt. Bei Fragen k\u00f6nnen Sie sich nat\u00fcrlich jederzeit an uns wenden. Wir haben stets ein offenes Ohr f\u00fcr all Ihre Anliegen.<\/p>\n<p>F-Aix-en-Provence, den 16. Februar 2017.<\/p>\n<p>Bernard Me\u00ef<\/p>\n<p>Vorsitzender des Unternehmens <span style=\"color: #f39200;\">MODALIS<\/span>[\/vc_column_text][\/vc_column][vc_column width=&#8220;1\/2&#8243; css=&#8220;.vc_custom_1492520913163{margin-top: 0px !important;margin-right: 0px !important;margin-bottom: 0px !important;margin-left: 0px !important;border-top-width: 0px !important;border-right-width: 0px !important;border-bottom-width: 0px !important;border-left-width: 0px !important;padding-top: 0px !important;padding-right: 0px !important;padding-bottom: 0px !important;padding-left: 0px !important;}&#8220;][vc_single_image image=&#8220;2632&#8243; img_size=&#8220;full&#8220; css=&#8220;.vc_custom_1501684327091{margin-top: 0px !important;margin-right: 0px !important;margin-bottom: 0px !important;margin-left: 0px !important;border-top-width: 0px !important;border-right-width: 0px !important;border-bottom-width: 0px !important;border-left-width: 0px !important;padding-top: 0px !important;padding-right: 0px !important;padding-bottom: 0px !important;padding-left: 0px !important;}&#8220;][\/vc_column][\/vc_row]<\/p>\n","protected":false},"excerpt":{"rendered":"<p>[vc_row bg_parallax=&#8220;off&#8220; css=&#8220;.vc_custom_1492521487653{margin-top: 70px !important;}&#8220;][vc_column][vc_column_text] SCHREIBEN DES VORSITZENDEN [\/vc_column_text][\/vc_column][\/vc_row][vc_row content_placement=&#8220;bottom&#8220; css=&#8220;.vc_custom_1501683887755{margin-top: 0px !important;margin-right: 0px !important;margin-bottom: 0px !important;margin-left: 0px !important;border-top-width: 0px !important;border-right-width: 0px !important;border-bottom-width: 0px !important;border-left-width: 0px !important;padding-top: 0px !important;padding-right: 0px [&hellip;]<\/p>\n","protected":false},"author":1,"featured_media":0,"parent":0,"menu_order":1,"comment_status":"closed","ping_status":"closed","template":"","meta":[],"yoast_head":"<!-- This site is optimized with the Yoast SEO plugin v18.0 - https:\/\/yoast.com\/wordpress\/plugins\/seo\/ -->\n<title>Schreiben des Vorsitzenden - MODALIS location mat\u00e9riel transport combin\u00e9<\/title>\n<meta name=\"robots\" content=\"index, follow, max-snippet:-1, max-image-preview:large, max-video-preview:-1\" \/>\n<link rel=\"canonical\" href=\"https:\/\/www.modalis.com\/de\/schreiben-des-vorsitzenden\/\" \/>\n<meta property=\"og:locale\" content=\"de_DE\" \/>\n<meta property=\"og:type\" content=\"article\" \/>\n<meta property=\"og:title\" content=\"Schreiben des Vorsitzenden - MODALIS location mat\u00e9riel transport combin\u00e9\" \/>\n<meta property=\"og:description\" content=\"[vc_row bg_parallax=&#8220;off&#8220; css=&#8220;.vc_custom_1492521487653{margin-top: 70px !important;}&#8220;][vc_column][vc_column_text] SCHREIBEN DES VORSITZENDEN [\/vc_column_text][\/vc_column][\/vc_row][vc_row content_placement=&#8220;bottom&#8220; css=&#8220;.vc_custom_1501683887755{margin-top: 0px !important;margin-right: 0px !important;margin-bottom: 0px !important;margin-left: 0px !important;border-top-width: 0px !important;border-right-width: 0px !important;border-bottom-width: 0px !important;border-left-width: 0px !important;padding-top: 0px !important;padding-right: 0px [&hellip;]\" \/>\n<meta property=\"og:url\" content=\"https:\/\/www.modalis.com\/de\/schreiben-des-vorsitzenden\/\" \/>\n<meta property=\"og:site_name\" content=\"MODALIS location mat\u00e9riel transport combin\u00e9\" \/>\n<meta property=\"article:modified_time\" content=\"2017-08-02T16:01:52+00:00\" \/>\n<meta name=\"twitter:card\" content=\"summary\" \/>\n<meta name=\"twitter:label1\" content=\"Gesch\u00e4tzte Lesezeit\" \/>\n\t<meta name=\"twitter:data1\" content=\"2\u00a0Minuten\" \/>\n<script type=\"application\/ld+json\" class=\"yoast-schema-graph\">{\"@context\":\"https:\/\/schema.org\",\"@graph\":[{\"@type\":\"WebSite\",\"@id\":\"https:\/\/www.modalis.com\/en\/#website\",\"url\":\"https:\/\/www.modalis.com\/en\/\",\"name\":\"MODALIS location mat\u00e9riel transport combin\u00e9\",\"description\":\"Modalis, intermodal equipment rental\",\"potentialAction\":[{\"@type\":\"SearchAction\",\"target\":{\"@type\":\"EntryPoint\",\"urlTemplate\":\"https:\/\/www.modalis.com\/en\/?s={search_term_string}\"},\"query-input\":\"required name=search_term_string\"}],\"inLanguage\":\"de\"},{\"@type\":\"WebPage\",\"@id\":\"https:\/\/www.modalis.com\/de\/schreiben-des-vorsitzenden\/#webpage\",\"url\":\"https:\/\/www.modalis.com\/de\/schreiben-des-vorsitzenden\/\",\"name\":\"Schreiben des Vorsitzenden - MODALIS location mat\u00e9riel transport combin\u00e9\",\"isPartOf\":{\"@id\":\"https:\/\/www.modalis.com\/en\/#website\"},\"datePublished\":\"2017-07-06T10:35:45+00:00\",\"dateModified\":\"2017-08-02T16:01:52+00:00\",\"breadcrumb\":{\"@id\":\"https:\/\/www.modalis.com\/de\/schreiben-des-vorsitzenden\/#breadcrumb\"},\"inLanguage\":\"de\",\"potentialAction\":[{\"@type\":\"ReadAction\",\"target\":[\"https:\/\/www.modalis.com\/de\/schreiben-des-vorsitzenden\/\"]}]},{\"@type\":\"BreadcrumbList\",\"@id\":\"https:\/\/www.modalis.com\/de\/schreiben-des-vorsitzenden\/#breadcrumb\",\"itemListElement\":[{\"@type\":\"ListItem\",\"position\":1,\"name\":\"Accueil\",\"item\":\"https:\/\/www.modalis.com\/de\/\"},{\"@type\":\"ListItem\",\"position\":2,\"name\":\"Schreiben des Vorsitzenden\"}]}]}<\/script>\n<!-- \/ Yoast SEO plugin. -->","yoast_head_json":{"title":"Schreiben des Vorsitzenden - MODALIS location mat\u00e9riel transport combin\u00e9","robots":{"index":"index","follow":"follow","max-snippet":"max-snippet:-1","max-image-preview":"max-image-preview:large","max-video-preview":"max-video-preview:-1"},"canonical":"https:\/\/www.modalis.com\/de\/schreiben-des-vorsitzenden\/","og_locale":"de_DE","og_type":"article","og_title":"Schreiben des Vorsitzenden - MODALIS location mat\u00e9riel transport combin\u00e9","og_description":"[vc_row bg_parallax=&#8220;off&#8220; css=&#8220;.vc_custom_1492521487653{margin-top: 70px !important;}&#8220;][vc_column][vc_column_text] SCHREIBEN DES VORSITZENDEN [\/vc_column_text][\/vc_column][\/vc_row][vc_row content_placement=&#8220;bottom&#8220; css=&#8220;.vc_custom_1501683887755{margin-top: 0px !important;margin-right: 0px !important;margin-bottom: 0px !important;margin-left: 0px !important;border-top-width: 0px !important;border-right-width: 0px !important;border-bottom-width: 0px !important;border-left-width: 0px !important;padding-top: 0px !important;padding-right: 0px [&hellip;]","og_url":"https:\/\/www.modalis.com\/de\/schreiben-des-vorsitzenden\/","og_site_name":"MODALIS location mat\u00e9riel transport combin\u00e9","article_modified_time":"2017-08-02T16:01:52+00:00","twitter_card":"summary","twitter_misc":{"Gesch\u00e4tzte Lesezeit":"2\u00a0Minuten"},"schema":{"@context":"https:\/\/schema.org","@graph":[{"@type":"WebSite","@id":"https:\/\/www.modalis.com\/en\/#website","url":"https:\/\/www.modalis.com\/en\/","name":"MODALIS location mat\u00e9riel transport combin\u00e9","description":"Modalis, intermodal equipment rental","potentialAction":[{"@type":"SearchAction","target":{"@type":"EntryPoint","urlTemplate":"https:\/\/www.modalis.com\/en\/?s={search_term_string}"},"query-input":"required name=search_term_string"}],"inLanguage":"de"},{"@type":"WebPage","@id":"https:\/\/www.modalis.com\/de\/schreiben-des-vorsitzenden\/#webpage","url":"https:\/\/www.modalis.com\/de\/schreiben-des-vorsitzenden\/","name":"Schreiben des Vorsitzenden - MODALIS location mat\u00e9riel transport combin\u00e9","isPartOf":{"@id":"https:\/\/www.modalis.com\/en\/#website"},"datePublished":"2017-07-06T10:35:45+00:00","dateModified":"2017-08-02T16:01:52+00:00","breadcrumb":{"@id":"https:\/\/www.modalis.com\/de\/schreiben-des-vorsitzenden\/#breadcrumb"},"inLanguage":"de","potentialAction":[{"@type":"ReadAction","target":["https:\/\/www.modalis.com\/de\/schreiben-des-vorsitzenden\/"]}]},{"@type":"BreadcrumbList","@id":"https:\/\/www.modalis.com\/de\/schreiben-des-vorsitzenden\/#breadcrumb","itemListElement":[{"@type":"ListItem","position":1,"name":"Accueil","item":"https:\/\/www.modalis.com\/de\/"},{"@type":"ListItem","position":2,"name":"Schreiben des Vorsitzenden"}]}]}},"_links":{"self":[{"href":"https:\/\/www.modalis.com\/de\/wp-json\/wp\/v2\/pages\/1833"}],"collection":[{"href":"https:\/\/www.modalis.com\/de\/wp-json\/wp\/v2\/pages"}],"about":[{"href":"https:\/\/www.modalis.com\/de\/wp-json\/wp\/v2\/types\/page"}],"author":[{"embeddable":true,"href":"https:\/\/www.modalis.com\/de\/wp-json\/wp\/v2\/users\/1"}],"replies":[{"embeddable":true,"href":"https:\/\/www.modalis.com\/de\/wp-json\/wp\/v2\/comments?post=1833"}],"version-history":[{"count":0,"href":"https:\/\/www.modalis.com\/de\/wp-json\/wp\/v2\/pages\/1833\/revisions"}],"wp:attachment":[{"href":"https:\/\/www.modalis.com\/de\/wp-json\/wp\/v2\/media?parent=1833"}],"curies":[{"name":"wp","href":"https:\/\/api.w.org\/{rel}","templated":true}]}}