{"id":1814,"date":"2017-07-06T12:20:09","date_gmt":"2017-07-06T10:20:09","guid":{"rendered":"http:\/\/www.modalis.com\/?page_id=1814\/"},"modified":"2017-08-02T17:56:51","modified_gmt":"2017-08-02T15:56:51","slug":"die-strategie","status":"publish","type":"page","link":"https:\/\/www.modalis.com\/de\/die-strategie\/","title":{"rendered":"Die Strategie"},"content":{"rendered":"<p>[vc_row css=&#8220;.vc_custom_1491394988978{margin-top: 70px !important;}&#8220;][vc_column][vc_column_text]<\/p>\n<h1 style=\"text-align: center;\"><span style=\"color: #231f59;\">DIE STRATEGIE IN 3 AKTEN<\/span><\/h1>\n<h2 style=\"text-align: center;\"><span style=\"color: #f39200;\">Das Wirtschaftsmodell von MODALIS basiert auf st\u00e4ndigen Investitionen zur Weiterentwicklung und Diversifizierung ihrer Flotte.<\/span><\/h2>\n<p>[\/vc_column_text][\/vc_column][\/vc_row][vc_row row_fullwidth=&#8220;1&#8243; css=&#8220;.vc_custom_1493133476223{margin-top: 100px !important;}&#8220;][vc_column width=&#8220;1\/2&#8243; css=&#8220;.vc_custom_1493134102020{padding-top: 130px !important;}&#8220;]<div class=\"ozy-anything-wrapper\" style=\"display:inline-block;width:100%;padding:30px 100px 30px 200px\">[vc_custom_heading text=&#8220;1&#8243; font_container=&#8220;tag:h1|font_size:250|text_align:left|color:%23f39200&#8243; google_fonts=&#8220;font_family:Roboto%3A100%2C100italic%2C300%2C300italic%2Cregular%2Citalic%2C500%2C500italic%2C700%2C700italic%2C900%2C900italic|font_style:700%20bold%20italic%3A700%3Aitalic&#8220; css=&#8220;.vc_custom_1493134031068{margin-top: -150px !important;margin-bottom: -150px !important;padding-top: 0px !important;padding-right: 25% !important;padding-bottom: -100px !important;padding-left: 25% !important;}&#8220;]<h1 class=\"ozy-divider-cap-left wpb_content_element\">Festigung ihrer Position <\/h1><div class=\"ozy-content-divider \" style=\"border-top-style:solid;border-top-width:2px;border-top-color:#231f59;width:60px;max-width:60px;float:left;\"><\/div>[vc_custom_heading text=&#8220;Als renommierter und anerkannter Dienstleister<br \/>\nSt\u00e4rkung der Kundenn\u00e4he und -kultur, Verbesserung der Wettbewerbsf\u00e4higkeit ihrer Produkte &amp; Dienstleistungen durch Investitionen in neue Ausstattungen und Leistungen.&#8220; font_container=&#8220;tag:h4|font_size:24|text_align:left|line_height:30px&#8220; google_fonts=&#8220;font_family:Roboto%3A100%2C100italic%2C300%2C300italic%2Cregular%2Citalic%2C500%2C500italic%2C700%2C700italic%2C900%2C900italic|font_style:400%20regular%3A400%3Anormal&#8220; css=&#8220;.vc_custom_1501689323759{margin-top: 0px !important;padding-top: 20px !important;}&#8220;]<\/div>[\/vc_column][vc_column width=&#8220;1\/2&#8243;][vc_single_image image=&#8220;1025&#8243; img_size=&#8220;full&#8220; alignment=&#8220;center&#8220; zoom_on_hover=&#8220;yes&#8220;][\/vc_column][\/vc_row][vc_row row_fullwidth=&#8220;1&#8243;][vc_column width=&#8220;1\/2&#8243;][vc_single_image image=&#8220;1134&#8243; img_size=&#8220;full&#8220; alignment=&#8220;center&#8220; zoom_on_hover=&#8220;yes&#8220;][\/vc_column][vc_column width=&#8220;1\/2&#8243; css=&#8220;.vc_custom_1493134496181{padding-top: 130px !important;}&#8220;]<div class=\"ozy-anything-wrapper\" style=\"display:inline-block;width:100%;padding:30px 100px 30px 200px\">[vc_custom_heading text=&#8220;2&#8243; font_container=&#8220;tag:h1|font_size:250|text_align:left|color:%23f39200&#8243; google_fonts=&#8220;font_family:Roboto%3A100%2C100italic%2C300%2C300italic%2Cregular%2Citalic%2C500%2C500italic%2C700%2C700italic%2C900%2C900italic|font_style:700%20bold%20italic%3A700%3Aitalic&#8220; css=&#8220;.vc_custom_1493134045411{margin-top: -150px !important;margin-bottom: -150px !important;padding-top: 0px !important;padding-right: 25% !important;padding-bottom: -100px !important;padding-left: 25% !important;}&#8220;]<h1 class=\"ozy-divider-cap-left wpb_content_element\">Internatioanle Expansion<\/h1><div class=\"ozy-content-divider \" style=\"border-top-style:solid;border-top-width:2px;border-top-color:#231f59;width:60px;max-width:60px;float:left;\"><\/div>[vc_custom_heading text=&#8220;Die Beschleunigung der internationalen Entwicklung des Unternehmens ist die Grundlage f\u00fcr neues Wachstum. MODALIS erweitert seine Reichweite und Vertriebskan\u00e4le.&#8220; font_container=&#8220;tag:h4|font_size:24|text_align:left|line_height:30px&#8220; google_fonts=&#8220;font_family:Roboto%3A100%2C100italic%2C300%2C300italic%2Cregular%2Citalic%2C500%2C500italic%2C700%2C700italic%2C900%2C900italic|font_style:400%20regular%3A400%3Anormal&#8220; css=&#8220;.vc_custom_1501689355214{padding-top: 20px !important;}&#8220;]<\/div>[\/vc_column][\/vc_row][vc_row row_fullwidth=&#8220;1&#8243; css=&#8220;.vc_custom_1493134621816{margin-bottom: 70px !important;}&#8220;][vc_column width=&#8220;1\/2&#8243; css=&#8220;.vc_custom_1493134505122{padding-top: 130px !important;}&#8220;]<div class=\"ozy-anything-wrapper\" style=\"display:inline-block;width:100%;padding:30px 100px 30px 200px\">[vc_custom_heading text=&#8220;3&#8243; font_container=&#8220;tag:h1|font_size:250|text_align:left|color:%23f39200&#8243; google_fonts=&#8220;font_family:Roboto%3A100%2C100italic%2C300%2C300italic%2Cregular%2Citalic%2C500%2C500italic%2C700%2C700italic%2C900%2C900italic|font_style:700%20bold%20italic%3A700%3Aitalic&#8220; css=&#8220;.vc_custom_1493134058281{margin-top: -150px !important;margin-bottom: -150px !important;padding-top: 0px !important;padding-right: 25% !important;padding-bottom: -100px !important;padding-left: 25% !important;}&#8220;]<h1 class=\"ozy-divider-cap-left wpb_content_element\">Forschung und Entwicklung<\/h1><div class=\"ozy-content-divider \" style=\"border-top-style:solid;border-top-width:2px;border-top-color:#231f59;width:60px;max-width:60px;float:left;\"><\/div>[vc_custom_heading text=&#8220;Mittelaufstockung f\u00fcr Forschung und Entwicklung, den Motor f\u00fcr nachhaltige Wertsch\u00f6pfung.<br \/>\nEs handelt sich hierbei um einen grundlegenden Hebel f\u00fcr effizientere Kundenbetreuung und ein innovatives Leistungsangebot.<br \/>\n&#8220; font_container=&#8220;tag:h4|font_size:24|text_align:left|line_height:30px&#8220; google_fonts=&#8220;font_family:Roboto%3A100%2C100italic%2C300%2C300italic%2Cregular%2Citalic%2C500%2C500italic%2C700%2C700italic%2C900%2C900italic|font_style:400%20regular%3A400%3Anormal&#8220; css=&#8220;.vc_custom_1501689387953{padding-top: 20px !important;}&#8220;]<\/div>[\/vc_column][vc_column width=&#8220;1\/2&#8243;][vc_single_image image=&#8220;1276&#8243; img_size=&#8220;full&#8220; alignment=&#8220;center&#8220; zoom_on_hover=&#8220;yes&#8220;][\/vc_column][\/vc_row][vc_row row_fullwidth=&#8220;1&#8243; css=&#8220;.vc_custom_1490950020522{margin-top: 0px !important;margin-right: 0px !important;margin-bottom: 0px !important;margin-left: 0px !important;padding-top: 0px !important;padding-right: 0px !important;padding-bottom: 0px !important;padding-left: 0px !important;}&#8220;][vc_column]<div id=\"owcta-86821\" class=\"ozy-wide-call-to-action\"><div class=\"bar\"><div><i class=\"oic-flaticon5-time\">&nbsp;<\/i><div class=\"part1\"><h5>Ihren Antrag, unseren Dienst<\/br>Anrufen : <span>+33 4 42 65 92 36<\/span><\/h5><\/div><div class=\"part2\"><a href=\"#request-a-rate\" class=\"comp-request-a-rate\"><\/a><\/div><\/div><\/div><div class=\"gradient\"><div><h3>VERMIETUNG - HANDELN<br>& BERATUNGSDIENST<\/h3><h5>Intermodalen Verkehr<\/h5><\/div><\/div><\/div>[\/vc_column][\/vc_row]<\/p>\n","protected":false},"excerpt":{"rendered":"<p>[vc_row css=&#8220;.vc_custom_1491394988978{margin-top: 70px !important;}&#8220;][vc_column][vc_column_text] DIE STRATEGIE IN 3 AKTEN Das Wirtschaftsmodell von MODALIS basiert auf st\u00e4ndigen Investitionen zur Weiterentwicklung und Diversifizierung ihrer Flotte. [\/vc_column_text][\/vc_column][\/vc_row][vc_row row_fullwidth=&#8220;1&#8243; css=&#8220;.vc_custom_1493133476223{margin-top: 100px !important;}&#8220;][vc_column width=&#8220;1\/2&#8243; css=&#8220;.vc_custom_1493134102020{padding-top: [&hellip;]<\/p>\n","protected":false},"author":1,"featured_media":0,"parent":0,"menu_order":3,"comment_status":"closed","ping_status":"closed","template":"","meta":[],"yoast_head":"<!-- This site is optimized with the Yoast SEO plugin v18.0 - https:\/\/yoast.com\/wordpress\/plugins\/seo\/ -->\n<title>Die Strategie - MODALIS location mat\u00e9riel transport combin\u00e9<\/title>\n<meta name=\"robots\" content=\"index, follow, max-snippet:-1, max-image-preview:large, max-video-preview:-1\" \/>\n<link rel=\"canonical\" href=\"https:\/\/www.modalis.com\/de\/die-strategie\/\" \/>\n<meta property=\"og:locale\" content=\"de_DE\" \/>\n<meta property=\"og:type\" content=\"article\" \/>\n<meta property=\"og:title\" content=\"Die Strategie - MODALIS location mat\u00e9riel transport combin\u00e9\" \/>\n<meta property=\"og:description\" content=\"[vc_row css=&#8220;.vc_custom_1491394988978{margin-top: 70px !important;}&#8220;][vc_column][vc_column_text] DIE STRATEGIE IN 3 AKTEN Das Wirtschaftsmodell von MODALIS basiert auf st\u00e4ndigen Investitionen zur Weiterentwicklung und Diversifizierung ihrer Flotte. [\/vc_column_text][\/vc_column][\/vc_row][vc_row row_fullwidth=&#8220;1&#8243; css=&#8220;.vc_custom_1493133476223{margin-top: 100px !important;}&#8220;][vc_column width=&#8220;1\/2&#8243; css=&#8220;.vc_custom_1493134102020{padding-top: [&hellip;]\" \/>\n<meta property=\"og:url\" content=\"https:\/\/www.modalis.com\/de\/die-strategie\/\" \/>\n<meta property=\"og:site_name\" content=\"MODALIS location mat\u00e9riel transport combin\u00e9\" \/>\n<meta property=\"article:modified_time\" content=\"2017-08-02T15:56:51+00:00\" \/>\n<meta name=\"twitter:card\" content=\"summary\" \/>\n<meta name=\"twitter:label1\" content=\"Gesch\u00e4tzte Lesezeit\" \/>\n\t<meta name=\"twitter:data1\" content=\"4\u00a0Minuten\" \/>\n<script type=\"application\/ld+json\" class=\"yoast-schema-graph\">{\"@context\":\"https:\/\/schema.org\",\"@graph\":[{\"@type\":\"WebSite\",\"@id\":\"https:\/\/www.modalis.com\/en\/#website\",\"url\":\"https:\/\/www.modalis.com\/en\/\",\"name\":\"MODALIS location mat\u00e9riel transport combin\u00e9\",\"description\":\"Modalis, intermodal equipment rental\",\"potentialAction\":[{\"@type\":\"SearchAction\",\"target\":{\"@type\":\"EntryPoint\",\"urlTemplate\":\"https:\/\/www.modalis.com\/en\/?s={search_term_string}\"},\"query-input\":\"required name=search_term_string\"}],\"inLanguage\":\"de\"},{\"@type\":\"WebPage\",\"@id\":\"https:\/\/www.modalis.com\/de\/die-strategie\/#webpage\",\"url\":\"https:\/\/www.modalis.com\/de\/die-strategie\/\",\"name\":\"Die Strategie - MODALIS location mat\u00e9riel transport combin\u00e9\",\"isPartOf\":{\"@id\":\"https:\/\/www.modalis.com\/en\/#website\"},\"datePublished\":\"2017-07-06T10:20:09+00:00\",\"dateModified\":\"2017-08-02T15:56:51+00:00\",\"breadcrumb\":{\"@id\":\"https:\/\/www.modalis.com\/de\/die-strategie\/#breadcrumb\"},\"inLanguage\":\"de\",\"potentialAction\":[{\"@type\":\"ReadAction\",\"target\":[\"https:\/\/www.modalis.com\/de\/die-strategie\/\"]}]},{\"@type\":\"BreadcrumbList\",\"@id\":\"https:\/\/www.modalis.com\/de\/die-strategie\/#breadcrumb\",\"itemListElement\":[{\"@type\":\"ListItem\",\"position\":1,\"name\":\"Accueil\",\"item\":\"https:\/\/www.modalis.com\/de\/\"},{\"@type\":\"ListItem\",\"position\":2,\"name\":\"Die Strategie\"}]}]}<\/script>\n<!-- \/ Yoast SEO plugin. -->","yoast_head_json":{"title":"Die Strategie - MODALIS location mat\u00e9riel transport combin\u00e9","robots":{"index":"index","follow":"follow","max-snippet":"max-snippet:-1","max-image-preview":"max-image-preview:large","max-video-preview":"max-video-preview:-1"},"canonical":"https:\/\/www.modalis.com\/de\/die-strategie\/","og_locale":"de_DE","og_type":"article","og_title":"Die Strategie - MODALIS location mat\u00e9riel transport combin\u00e9","og_description":"[vc_row css=&#8220;.vc_custom_1491394988978{margin-top: 70px !important;}&#8220;][vc_column][vc_column_text] DIE STRATEGIE IN 3 AKTEN Das Wirtschaftsmodell von MODALIS basiert auf st\u00e4ndigen Investitionen zur Weiterentwicklung und Diversifizierung ihrer Flotte. [\/vc_column_text][\/vc_column][\/vc_row][vc_row row_fullwidth=&#8220;1&#8243; css=&#8220;.vc_custom_1493133476223{margin-top: 100px !important;}&#8220;][vc_column width=&#8220;1\/2&#8243; css=&#8220;.vc_custom_1493134102020{padding-top: [&hellip;]","og_url":"https:\/\/www.modalis.com\/de\/die-strategie\/","og_site_name":"MODALIS location mat\u00e9riel transport combin\u00e9","article_modified_time":"2017-08-02T15:56:51+00:00","twitter_card":"summary","twitter_misc":{"Gesch\u00e4tzte Lesezeit":"4\u00a0Minuten"},"schema":{"@context":"https:\/\/schema.org","@graph":[{"@type":"WebSite","@id":"https:\/\/www.modalis.com\/en\/#website","url":"https:\/\/www.modalis.com\/en\/","name":"MODALIS location mat\u00e9riel transport combin\u00e9","description":"Modalis, intermodal equipment rental","potentialAction":[{"@type":"SearchAction","target":{"@type":"EntryPoint","urlTemplate":"https:\/\/www.modalis.com\/en\/?s={search_term_string}"},"query-input":"required name=search_term_string"}],"inLanguage":"de"},{"@type":"WebPage","@id":"https:\/\/www.modalis.com\/de\/die-strategie\/#webpage","url":"https:\/\/www.modalis.com\/de\/die-strategie\/","name":"Die Strategie - MODALIS location mat\u00e9riel transport combin\u00e9","isPartOf":{"@id":"https:\/\/www.modalis.com\/en\/#website"},"datePublished":"2017-07-06T10:20:09+00:00","dateModified":"2017-08-02T15:56:51+00:00","breadcrumb":{"@id":"https:\/\/www.modalis.com\/de\/die-strategie\/#breadcrumb"},"inLanguage":"de","potentialAction":[{"@type":"ReadAction","target":["https:\/\/www.modalis.com\/de\/die-strategie\/"]}]},{"@type":"BreadcrumbList","@id":"https:\/\/www.modalis.com\/de\/die-strategie\/#breadcrumb","itemListElement":[{"@type":"ListItem","position":1,"name":"Accueil","item":"https:\/\/www.modalis.com\/de\/"},{"@type":"ListItem","position":2,"name":"Die Strategie"}]}]}},"_links":{"self":[{"href":"https:\/\/www.modalis.com\/de\/wp-json\/wp\/v2\/pages\/1814"}],"collection":[{"href":"https:\/\/www.modalis.com\/de\/wp-json\/wp\/v2\/pages"}],"about":[{"href":"https:\/\/www.modalis.com\/de\/wp-json\/wp\/v2\/types\/page"}],"author":[{"embeddable":true,"href":"https:\/\/www.modalis.com\/de\/wp-json\/wp\/v2\/users\/1"}],"replies":[{"embeddable":true,"href":"https:\/\/www.modalis.com\/de\/wp-json\/wp\/v2\/comments?post=1814"}],"version-history":[{"count":0,"href":"https:\/\/www.modalis.com\/de\/wp-json\/wp\/v2\/pages\/1814\/revisions"}],"wp:attachment":[{"href":"https:\/\/www.modalis.com\/de\/wp-json\/wp\/v2\/media?parent=1814"}],"curies":[{"name":"wp","href":"https:\/\/api.w.org\/{rel}","templated":true}]}}